{"id":60982,"date":"2021-01-22T14:46:44","date_gmt":"2021-01-22T17:46:44","guid":{"rendered":"https:\/\/www.livrariarema.com.br\/loja\/produtos\/sem%20categoria\/caneta-uni-emott-0-4mm-mostarda-claro-sy-73\/"},"modified":"2026-01-21T16:50:50","modified_gmt":"2026-01-21T19:50:50","slug":"caneta-uni-emott-0-4mm-mostarda-claro-sy-73","status":"publish","type":"product","link":"https:\/\/www.livrariarema.com.br\/loja\/produtos\/promocao\/papelaria-promocao\/caneta-uni-emott-0-4mm-mostarda-claro-sy-73\/","title":{"rendered":"Caneta &#8211; Uni Emott &#8211; 0.4Mm &#8211; Mostarda Claro Sy.73"},"content":{"rendered":"<p>Ponta sint\u00e9tica, corpo em pl\u00e1stico e tinta a base de \u00e1gua.<\/p>\n","protected":false},"excerpt":{"rendered":"<p>Ponta sint\u00e9tica, corpo em pl\u00e1stico e tinta a base de \u00e1gua.<\/p>\n","protected":false},"featured_media":342858,"comment_status":"open","ping_status":"closed","template":"","meta":[],"product_cat":[307,142],"product_tag":[],"_links":{"self":[{"href":"https:\/\/www.livrariarema.com.br\/loja\/wp-json\/wp\/v2\/product\/60982"}],"collection":[{"href":"https:\/\/www.livrariarema.com.br\/loja\/wp-json\/wp\/v2\/product"}],"about":[{"href":"https:\/\/www.livrariarema.com.br\/loja\/wp-json\/wp\/v2\/types\/product"}],"replies":[{"embeddable":true,"href":"https:\/\/www.livrariarema.com.br\/loja\/wp-json\/wp\/v2\/comments?post=60982"}],"wp:featuredmedia":[{"embeddable":true,"href":"https:\/\/www.livrariarema.com.br\/loja\/wp-json\/wp\/v2\/media\/342858"}],"wp:attachment":[{"href":"https:\/\/www.livrariarema.com.br\/loja\/wp-json\/wp\/v2\/media?parent=60982"}],"wp:term":[{"taxonomy":"product_cat","embeddable":true,"href":"https:\/\/www.livrariarema.com.br\/loja\/wp-json\/wp\/v2\/product_cat?post=60982"},{"taxonomy":"product_tag","embeddable":true,"href":"https:\/\/www.livrariarema.com.br\/loja\/wp-json\/wp\/v2\/product_tag?post=60982"}],"curies":[{"name":"wp","href":"https:\/\/api.w.org\/{rel}","templated":true}]}}