{"id":61002,"date":"2021-01-22T14:47:27","date_gmt":"2021-01-22T17:47:27","guid":{"rendered":"https:\/\/www.livrariarema.com.br\/loja\/produtos\/sem%20categoria\/jogos-em-mdf-domino-divisao\/"},"modified":"2025-12-02T12:36:10","modified_gmt":"2025-12-02T15:36:10","slug":"jogos-em-mdf-domino-divisao","status":"publish","type":"product","link":"https:\/\/www.livrariarema.com.br\/loja\/produtos\/brinquedos\/domino\/jogos-em-mdf-domino-divisao\/","title":{"rendered":"Jogo Domin\u00f3 &#8211; Mdf &#8211; Divis\u00e3o"},"content":{"rendered":"<p>Domin\u00f3 educativo que estimula o c\u00e1lculo mental e o racioc\u00ednio l\u00f3gico, tornando o aprendizado das opera\u00e7\u00f5es matem\u00e1ticas divertido e prazeroso.<\/p>\n","protected":false},"excerpt":{"rendered":"<p>Domin\u00f3 educativo que estimula o c\u00e1lculo mental e o racioc\u00ednio l\u00f3gico, tornando o aprendizado das opera\u00e7\u00f5es matem\u00e1ticas divertido e prazeroso.<\/p>\n","protected":false},"featured_media":341832,"comment_status":"open","ping_status":"closed","template":"","meta":[],"product_cat":[315,318],"product_tag":[],"_links":{"self":[{"href":"https:\/\/www.livrariarema.com.br\/loja\/wp-json\/wp\/v2\/product\/61002"}],"collection":[{"href":"https:\/\/www.livrariarema.com.br\/loja\/wp-json\/wp\/v2\/product"}],"about":[{"href":"https:\/\/www.livrariarema.com.br\/loja\/wp-json\/wp\/v2\/types\/product"}],"replies":[{"embeddable":true,"href":"https:\/\/www.livrariarema.com.br\/loja\/wp-json\/wp\/v2\/comments?post=61002"}],"wp:featuredmedia":[{"embeddable":true,"href":"https:\/\/www.livrariarema.com.br\/loja\/wp-json\/wp\/v2\/media\/341832"}],"wp:attachment":[{"href":"https:\/\/www.livrariarema.com.br\/loja\/wp-json\/wp\/v2\/media?parent=61002"}],"wp:term":[{"taxonomy":"product_cat","embeddable":true,"href":"https:\/\/www.livrariarema.com.br\/loja\/wp-json\/wp\/v2\/product_cat?post=61002"},{"taxonomy":"product_tag","embeddable":true,"href":"https:\/\/www.livrariarema.com.br\/loja\/wp-json\/wp\/v2\/product_tag?post=61002"}],"curies":[{"name":"wp","href":"https:\/\/api.w.org\/{rel}","templated":true}]}}