{"id":61051,"date":"2021-01-22T14:48:49","date_gmt":"2021-01-22T17:48:49","guid":{"rendered":"https:\/\/www.livrariarema.com.br\/loja\/produtos\/sem%20categoria\/aprender-e-divertido-cruzadinha-de-vogais-ruth-rozendo-caputo\/"},"modified":"2024-09-03T09:23:58","modified_gmt":"2024-09-03T12:23:58","slug":"aprender-e-divertido-cruzadinha-de-vogais-ruth-rozendo-caputo","status":"publish","type":"product","link":"https:\/\/www.livrariarema.com.br\/loja\/produtos\/livros\/didatico\/aprender-e-divertido-cruzadinha-de-vogais-ruth-rozendo-caputo\/","title":{"rendered":"Aprender \u00c9 Divertido &#8211; Cruzadinha De Vogais &#8211; Ruth Rozendo Caputo"},"content":{"rendered":"<p>Aprender \u00e9 divertido! Este livro repleto de cruzadinhas servir\u00e1 de apoio para voc\u00ea desenvolver suas habilidades com as vogais!<\/p>\n","protected":false},"excerpt":{"rendered":"<p>Aprender \u00e9 divertido! Este livro repleto de cruzadinhas servir\u00e1 de apoio para voc\u00ea desenvolver suas habilidades com as vogais!<\/p>\n","protected":false},"featured_media":313498,"comment_status":"open","ping_status":"closed","template":"","meta":[],"product_cat":[185,134],"product_tag":[],"_links":{"self":[{"href":"https:\/\/www.livrariarema.com.br\/loja\/wp-json\/wp\/v2\/product\/61051"}],"collection":[{"href":"https:\/\/www.livrariarema.com.br\/loja\/wp-json\/wp\/v2\/product"}],"about":[{"href":"https:\/\/www.livrariarema.com.br\/loja\/wp-json\/wp\/v2\/types\/product"}],"replies":[{"embeddable":true,"href":"https:\/\/www.livrariarema.com.br\/loja\/wp-json\/wp\/v2\/comments?post=61051"}],"wp:featuredmedia":[{"embeddable":true,"href":"https:\/\/www.livrariarema.com.br\/loja\/wp-json\/wp\/v2\/media\/313498"}],"wp:attachment":[{"href":"https:\/\/www.livrariarema.com.br\/loja\/wp-json\/wp\/v2\/media?parent=61051"}],"wp:term":[{"taxonomy":"product_cat","embeddable":true,"href":"https:\/\/www.livrariarema.com.br\/loja\/wp-json\/wp\/v2\/product_cat?post=61051"},{"taxonomy":"product_tag","embeddable":true,"href":"https:\/\/www.livrariarema.com.br\/loja\/wp-json\/wp\/v2\/product_tag?post=61051"}],"curies":[{"name":"wp","href":"https:\/\/api.w.org\/{rel}","templated":true}]}}