{"id":61059,"date":"2021-01-22T14:49:06","date_gmt":"2021-01-22T17:49:06","guid":{"rendered":"https:\/\/www.livrariarema.com.br\/loja\/produtos\/sem%20categoria\/aprender-e-divertido-identificando-as-vogais-ruth-rozendo-caputo\/"},"modified":"2023-04-27T12:24:33","modified_gmt":"2023-04-27T15:24:33","slug":"aprender-e-divertido-identificando-as-vogais-ruth-rozendo-caputo","status":"publish","type":"product","link":"https:\/\/www.livrariarema.com.br\/loja\/produtos\/livros\/didatico\/aprender-e-divertido-identificando-as-vogais-ruth-rozendo-caputo\/","title":{"rendered":"Aprender \u00c9 Divertido &#8211; Identificando As Vogais &#8211; Ruth Rozendo Caputo"},"content":{"rendered":"<p>Aprenda as vogais com atividades de contornar, colorir e completar, para voc\u00ea praticar a coordena\u00e7\u00e3o motora e se divertir enquanto aprende!<\/p>\n","protected":false},"excerpt":{"rendered":"<p>Aprenda as vogais com atividades de contornar, colorir e completar, para voc\u00ea praticar a coordena\u00e7\u00e3o motora e se divertir enquanto&hellip;<\/p>\n","protected":false},"featured_media":229526,"comment_status":"open","ping_status":"closed","template":"","meta":[],"product_cat":[185,134],"product_tag":[],"_links":{"self":[{"href":"https:\/\/www.livrariarema.com.br\/loja\/wp-json\/wp\/v2\/product\/61059"}],"collection":[{"href":"https:\/\/www.livrariarema.com.br\/loja\/wp-json\/wp\/v2\/product"}],"about":[{"href":"https:\/\/www.livrariarema.com.br\/loja\/wp-json\/wp\/v2\/types\/product"}],"replies":[{"embeddable":true,"href":"https:\/\/www.livrariarema.com.br\/loja\/wp-json\/wp\/v2\/comments?post=61059"}],"wp:featuredmedia":[{"embeddable":true,"href":"https:\/\/www.livrariarema.com.br\/loja\/wp-json\/wp\/v2\/media\/229526"}],"wp:attachment":[{"href":"https:\/\/www.livrariarema.com.br\/loja\/wp-json\/wp\/v2\/media?parent=61059"}],"wp:term":[{"taxonomy":"product_cat","embeddable":true,"href":"https:\/\/www.livrariarema.com.br\/loja\/wp-json\/wp\/v2\/product_cat?post=61059"},{"taxonomy":"product_tag","embeddable":true,"href":"https:\/\/www.livrariarema.com.br\/loja\/wp-json\/wp\/v2\/product_tag?post=61059"}],"curies":[{"name":"wp","href":"https:\/\/api.w.org\/{rel}","templated":true}]}}