{"id":61069,"date":"2021-01-22T14:49:26","date_gmt":"2021-01-22T17:49:26","guid":{"rendered":"https:\/\/www.livrariarema.com.br\/loja\/produtos\/sem%20categoria\/biblia-leitura-perfeita-acf-couro-soft-marrom\/"},"modified":"2026-02-05T17:32:13","modified_gmt":"2026-02-05T20:32:13","slug":"biblia-leitura-perfeita-acf-couro-soft-marrom","status":"publish","type":"product","link":"https:\/\/www.livrariarema.com.br\/loja\/produtos\/biblias\/revista-corrigida-fiel\/biblia-leitura-perfeita-acf-couro-soft-marrom\/","title":{"rendered":"B\u00edblia Leitura Perfeita &#8211; Acf &#8211; Couro Soft &#8211; Marrom"},"content":{"rendered":"<p>Para desenvolver um relacionamento \u00edntimo com Deus, nada melhor do que se aprofundar no estudo de sua Palavra. No entanto, essa tarefa fica dif\u00edcil quando temos em m\u00e3os uma B\u00edblia com texto de leitura cansativa. Para solucionar esse problema, apresentamos as b\u00edblias Leitura Perfeita, pensadas especialmente para voc\u00ea que deseja ler as Escrituras com conforto sem pagar mais caro por isso.A fonte usada nesta B\u00edblia foi desenvolvida especialmente para a Thomas Nelson Brasil. O design \u00e9 inspirado na Almeida Corrigida Fiel (ACF), conhecida por ser uma tradu\u00e7\u00e3o cl\u00e1ssica que preserva toda a tradi\u00e7\u00e3o de Jo\u00e3o Ferreira de Almeida. O objetivo dos criadores da Fonte Leitura Perfeita foi refletir esse rico legado de ter um texto fiel aos originais, autoritativo e embasado nos manuscritos mais confi\u00e1veis, ao mesmo tempo em que integra os melhores avan\u00e7os em tipografia de b\u00edblias modernas. O resultado \u00e9 uma fonte exclusiva, clara e leg\u00edvel em qualquer tamanho e que preserva toda a hist\u00f3ria da Almeida Corrigida.<\/p>\n","protected":false},"excerpt":{"rendered":"<p>Para desenvolver um relacionamento \u00edntimo com Deus, nada melhor do que se aprofundar no estudo de sua Palavra. No entanto,&hellip;<\/p>\n","protected":false},"featured_media":343412,"comment_status":"open","ping_status":"closed","template":"","meta":[],"product_cat":[139,212],"product_tag":[],"_links":{"self":[{"href":"https:\/\/www.livrariarema.com.br\/loja\/wp-json\/wp\/v2\/product\/61069"}],"collection":[{"href":"https:\/\/www.livrariarema.com.br\/loja\/wp-json\/wp\/v2\/product"}],"about":[{"href":"https:\/\/www.livrariarema.com.br\/loja\/wp-json\/wp\/v2\/types\/product"}],"replies":[{"embeddable":true,"href":"https:\/\/www.livrariarema.com.br\/loja\/wp-json\/wp\/v2\/comments?post=61069"}],"wp:featuredmedia":[{"embeddable":true,"href":"https:\/\/www.livrariarema.com.br\/loja\/wp-json\/wp\/v2\/media\/343412"}],"wp:attachment":[{"href":"https:\/\/www.livrariarema.com.br\/loja\/wp-json\/wp\/v2\/media?parent=61069"}],"wp:term":[{"taxonomy":"product_cat","embeddable":true,"href":"https:\/\/www.livrariarema.com.br\/loja\/wp-json\/wp\/v2\/product_cat?post=61069"},{"taxonomy":"product_tag","embeddable":true,"href":"https:\/\/www.livrariarema.com.br\/loja\/wp-json\/wp\/v2\/product_tag?post=61069"}],"curies":[{"name":"wp","href":"https:\/\/api.w.org\/{rel}","templated":true}]}}