{"id":61121,"date":"2021-01-22T14:50:58","date_gmt":"2021-01-22T17:50:58","guid":{"rendered":"https:\/\/www.livrariarema.com.br\/loja\/produtos\/sem%20categoria\/ainda-melhor-que-o-eden-nancy-guthrie\/"},"modified":"2026-03-16T13:40:32","modified_gmt":"2026-03-16T16:40:32","slug":"ainda-melhor-que-o-eden-nancy-guthrie","status":"publish","type":"product","link":"https:\/\/www.livrariarema.com.br\/loja\/produtos\/promocao\/livros-promocao\/ainda-melhor-que-o-eden-nancy-guthrie\/","title":{"rendered":"Ainda Melhor Que O \u00c9den &#8211; Nancy Guthrie"},"content":{"rendered":"<p>Tudo no \u00c9den deu terrivelmente errado.<br \/>\nEssa \u00e9 a parte da hist\u00f3ria que prov\u00ea a resposta mais profunda aos nossos questionamentos em meio aos sofrimentos e \u00e0s dificuldades de nossa vida. Felizmente, contudo, a hist\u00f3ria iniciada no \u00c9den n\u00e3o termina ali. Cristo veio para realizar o que era necess\u00e1rio a fim de abrir o caminho para n\u00f3s, n\u00e3o apenas de volta ao jardim do \u00c9den, mas o caminho para uma vida que ser\u00e1 ainda melhor do que a vida que Ad\u00e3o e Eva desfrutaram ali.<\/p>\n<p>Como pode ser melhor? \u00c9 disso que trata este livro. Cada cap\u00edtulo tra\u00e7ar\u00e1 um tema que corre de G\u00eanesis a Apocalipse e que revela um aspecto das excel\u00eancias e sublimidades do novo c\u00e9u e da nova terra.<\/p>\n<p>Recomenda\u00e7\u00e3o:<\/p>\n<p>&#8220;Na qualidade de pastor, percebo que os crist\u00e3os precisam de ajuda para aprender a contar a pr\u00f3pria hist\u00f3ria de maneiras que a conectem corretamente ao que Deus assegurou para n\u00f3s em sua Palavra. Com Ainda melhor que o \u00c9den, Nancy Guthrie faz exatamente isso. Eis aqui um livro que vai trein\u00e1-la a falar de modo mais cativante \u00e0s pessoas sobre por que e como Jesus \u00e9 importante.&#8221;<br \/>\n &#8211; David Helm, pastor, Holy Trinity Church, Chicago; autor, Discipulando com a B\u00edblia<\/p>\n","protected":false},"excerpt":{"rendered":"<p>Tudo no \u00c9den deu terrivelmente errado. Essa \u00e9 a parte da hist\u00f3ria que prov\u00ea a resposta mais profunda aos nossos&hellip;<\/p>\n","protected":false},"featured_media":346350,"comment_status":"open","ping_status":"closed","template":"","meta":[],"product_cat":[143,142],"product_tag":[],"_links":{"self":[{"href":"https:\/\/www.livrariarema.com.br\/loja\/wp-json\/wp\/v2\/product\/61121"}],"collection":[{"href":"https:\/\/www.livrariarema.com.br\/loja\/wp-json\/wp\/v2\/product"}],"about":[{"href":"https:\/\/www.livrariarema.com.br\/loja\/wp-json\/wp\/v2\/types\/product"}],"replies":[{"embeddable":true,"href":"https:\/\/www.livrariarema.com.br\/loja\/wp-json\/wp\/v2\/comments?post=61121"}],"wp:featuredmedia":[{"embeddable":true,"href":"https:\/\/www.livrariarema.com.br\/loja\/wp-json\/wp\/v2\/media\/346350"}],"wp:attachment":[{"href":"https:\/\/www.livrariarema.com.br\/loja\/wp-json\/wp\/v2\/media?parent=61121"}],"wp:term":[{"taxonomy":"product_cat","embeddable":true,"href":"https:\/\/www.livrariarema.com.br\/loja\/wp-json\/wp\/v2\/product_cat?post=61121"},{"taxonomy":"product_tag","embeddable":true,"href":"https:\/\/www.livrariarema.com.br\/loja\/wp-json\/wp\/v2\/product_tag?post=61121"}],"curies":[{"name":"wp","href":"https:\/\/api.w.org\/{rel}","templated":true}]}}