{"id":61125,"date":"2021-01-22T14:51:06","date_gmt":"2021-01-22T17:51:06","guid":{"rendered":"https:\/\/www.livrariarema.com.br\/loja\/produtos\/sem%20categoria\/sr-boaventura-j-r-r-tolkien\/"},"modified":"2026-04-14T12:32:47","modified_gmt":"2026-04-14T15:32:47","slug":"sr-boaventura-j-r-r-tolkien","status":"publish","type":"product","link":"https:\/\/www.livrariarema.com.br\/loja\/produtos\/livros\/juvenil\/sr-boaventura-j-r-r-tolkien\/","title":{"rendered":"Sr. Boaventura &#8211; J. R. R. Tolkien"},"content":{"rendered":"<p>&#8220;Sr. Boaventura \u00e9 uma hist\u00f3ria contada por J.R.R. Tolkien aos seus filhos pequenos na d\u00e9cada de 1930. Al\u00e9m de escrever tudo \u00e0 m\u00e3o, Tolkien tamb\u00e9m fez as ilustra\u00e7\u00f5es que comp\u00f5em o livro. Considerado um conto de excentricidade, seu enredo e desenhos s\u00e3o comparados a cl\u00e1ssicos da literatura infantil como As Aventuras de Alice no Pa\u00eds das Maravilhas, de Lewis Carrol, Pedro Coelho, de Beatrix Potter, e A Book of Nonsense, de Edward Lear.<\/p>\n<p>Sr. Boaventura \u00e9 um sujeito met\u00f3dico, que gosta de usar chap\u00e9us altos e est\u00e1 acostumado a uma vida pacata em sua casa de c\u00f4modos tamb\u00e9m altos, na companhia de Girafoelho, seu exc\u00eantrico bicho de estima\u00e7\u00e3o, que quase s\u00f3 acorda para comer. Um dia, Sr. Boaventura decide comprar um carro e visitar seus amigos, os Broncos. A partir de ent\u00e3o, ele se mete em grandes enrascadas, envolvendo seus amigos e conhecidos nelas.<\/p>\n<p>Apesar de ser uma hist\u00f3ria bem diferente do restante da obra de Tolkien, mais voltada a crian\u00e7as pequenas, Sr. Boaventura j\u00e1 tem alguns tra\u00e7os t\u00edpicos do autor, como a sua cr\u00edtica \u00e0 modernidade e toques de ins\u00f3lito. O resultado \u00e9 uma divertida hist\u00f3ria, cheia de a\u00e7\u00e3o e perip\u00e9cias que garantem boas risadas a crian\u00e7as e adultos.&#8221;<\/p>\n","protected":false},"excerpt":{"rendered":"<p>&#8220;Sr. Boaventura \u00e9 uma hist\u00f3ria contada por J.R.R. Tolkien aos seus filhos pequenos na d\u00e9cada de 1930. Al\u00e9m de escrever&hellip;<\/p>\n","protected":false},"featured_media":347002,"comment_status":"open","ping_status":"closed","template":"","meta":[],"product_cat":[184,134],"product_tag":[],"_links":{"self":[{"href":"https:\/\/www.livrariarema.com.br\/loja\/wp-json\/wp\/v2\/product\/61125"}],"collection":[{"href":"https:\/\/www.livrariarema.com.br\/loja\/wp-json\/wp\/v2\/product"}],"about":[{"href":"https:\/\/www.livrariarema.com.br\/loja\/wp-json\/wp\/v2\/types\/product"}],"replies":[{"embeddable":true,"href":"https:\/\/www.livrariarema.com.br\/loja\/wp-json\/wp\/v2\/comments?post=61125"}],"wp:featuredmedia":[{"embeddable":true,"href":"https:\/\/www.livrariarema.com.br\/loja\/wp-json\/wp\/v2\/media\/347002"}],"wp:attachment":[{"href":"https:\/\/www.livrariarema.com.br\/loja\/wp-json\/wp\/v2\/media?parent=61125"}],"wp:term":[{"taxonomy":"product_cat","embeddable":true,"href":"https:\/\/www.livrariarema.com.br\/loja\/wp-json\/wp\/v2\/product_cat?post=61125"},{"taxonomy":"product_tag","embeddable":true,"href":"https:\/\/www.livrariarema.com.br\/loja\/wp-json\/wp\/v2\/product_tag?post=61125"}],"curies":[{"name":"wp","href":"https:\/\/api.w.org\/{rel}","templated":true}]}}