{"id":61127,"date":"2021-01-22T14:51:19","date_gmt":"2021-01-22T17:51:19","guid":{"rendered":"https:\/\/www.livrariarema.com.br\/loja\/produtos\/sem%20categoria\/relacionamentos-davi-goes\/"},"modified":"2025-05-09T12:54:01","modified_gmt":"2025-05-09T15:54:01","slug":"relacionamentos-davi-goes","status":"publish","type":"product","link":"https:\/\/www.livrariarema.com.br\/loja\/produtos\/promocao\/livros-promocao\/relacionamentos-davi-goes\/","title":{"rendered":"Relacionamentos &#8211; Davi Goes"},"content":{"rendered":"<p>Problemas em relacionamentos existem desde o para\u00edso; n\u00f3s os vimos em Ad\u00e3o e Eva, Caim e Abel, Abra\u00e3o e Sara, e por a\u00ed vai. Ao longo dos anos, Deus tem inspirado homens para ajudarem fam\u00edlias, relacionamentos, lares e muitas vidas. Este livro est\u00e1 chegando em um momento cr\u00edtico da sociedade, em que os relacionamentos esfriaram e se tornaram tecnol\u00f3gicos. Jesus nos disse, em Mateus 24, que, nos \u00faltimos dias, o amor das pessoas iria esfriar, e \u00e9 exatamente o que estamos vendo; as fam\u00edlias est\u00e3o se destruindo rapidamente por n\u00e3o entenderem o prop\u00f3sito de Deus em suas vidas.<\/p>\n<p>&#8220;O Senhor me deu as palavras que est\u00e3o nesta obra com o prop\u00f3sito de aben\u00e7oar vidas, restaurar relacionamentos e trazer a paz aos cora\u00e7\u00f5es. Leia, alimente-se e seja aben\u00e7oado com esta leitura.&#8221;<\/p>\n","protected":false},"excerpt":{"rendered":"<p>Problemas em relacionamentos existem desde o para\u00edso; n\u00f3s os vimos em Ad\u00e3o e Eva, Caim e Abel, Abra\u00e3o e Sara,&hellip;<\/p>\n","protected":false},"featured_media":330874,"comment_status":"open","ping_status":"closed","template":"","meta":[],"product_cat":[143,142],"product_tag":[],"_links":{"self":[{"href":"https:\/\/www.livrariarema.com.br\/loja\/wp-json\/wp\/v2\/product\/61127"}],"collection":[{"href":"https:\/\/www.livrariarema.com.br\/loja\/wp-json\/wp\/v2\/product"}],"about":[{"href":"https:\/\/www.livrariarema.com.br\/loja\/wp-json\/wp\/v2\/types\/product"}],"replies":[{"embeddable":true,"href":"https:\/\/www.livrariarema.com.br\/loja\/wp-json\/wp\/v2\/comments?post=61127"}],"wp:featuredmedia":[{"embeddable":true,"href":"https:\/\/www.livrariarema.com.br\/loja\/wp-json\/wp\/v2\/media\/330874"}],"wp:attachment":[{"href":"https:\/\/www.livrariarema.com.br\/loja\/wp-json\/wp\/v2\/media?parent=61127"}],"wp:term":[{"taxonomy":"product_cat","embeddable":true,"href":"https:\/\/www.livrariarema.com.br\/loja\/wp-json\/wp\/v2\/product_cat?post=61127"},{"taxonomy":"product_tag","embeddable":true,"href":"https:\/\/www.livrariarema.com.br\/loja\/wp-json\/wp\/v2\/product_tag?post=61127"}],"curies":[{"name":"wp","href":"https:\/\/api.w.org\/{rel}","templated":true}]}}