{"id":61167,"date":"2021-01-22T14:52:39","date_gmt":"2021-01-22T17:52:39","guid":{"rendered":"https:\/\/www.livrariarema.com.br\/loja\/produtos\/sem%20categoria\/livro-com-aquarela-daniel-e-os-leoes\/"},"modified":"2026-01-13T16:50:41","modified_gmt":"2026-01-13T19:50:41","slug":"livro-com-aquarela-daniel-e-os-leoes","status":"publish","type":"product","link":"https:\/\/www.livrariarema.com.br\/loja\/produtos\/livros\/infantil\/livro-com-aquarela-daniel-e-os-leoes\/","title":{"rendered":"Livro Com Aquarela &#8211; Daniel E Os Le\u00f5es"},"content":{"rendered":"<p>Neste livro com aquarela, voc\u00ea encher\u00e1 de cores a fascinante hist\u00f3ria de Daniel, um homem leal e devoto a Deus, que, mesmo em um momento de grande dificuldade, n\u00e3o perdeu a f\u00e9.<\/p>\n","protected":false},"excerpt":{"rendered":"<p>Neste livro com aquarela, voc\u00ea encher\u00e1 de cores a fascinante hist\u00f3ria de Daniel, um homem leal e devoto a Deus,&hellip;<\/p>\n","protected":false},"featured_media":316846,"comment_status":"open","ping_status":"closed","template":"","meta":[],"product_cat":[144,134],"product_tag":[],"_links":{"self":[{"href":"https:\/\/www.livrariarema.com.br\/loja\/wp-json\/wp\/v2\/product\/61167"}],"collection":[{"href":"https:\/\/www.livrariarema.com.br\/loja\/wp-json\/wp\/v2\/product"}],"about":[{"href":"https:\/\/www.livrariarema.com.br\/loja\/wp-json\/wp\/v2\/types\/product"}],"replies":[{"embeddable":true,"href":"https:\/\/www.livrariarema.com.br\/loja\/wp-json\/wp\/v2\/comments?post=61167"}],"wp:featuredmedia":[{"embeddable":true,"href":"https:\/\/www.livrariarema.com.br\/loja\/wp-json\/wp\/v2\/media\/316846"}],"wp:attachment":[{"href":"https:\/\/www.livrariarema.com.br\/loja\/wp-json\/wp\/v2\/media?parent=61167"}],"wp:term":[{"taxonomy":"product_cat","embeddable":true,"href":"https:\/\/www.livrariarema.com.br\/loja\/wp-json\/wp\/v2\/product_cat?post=61167"},{"taxonomy":"product_tag","embeddable":true,"href":"https:\/\/www.livrariarema.com.br\/loja\/wp-json\/wp\/v2\/product_tag?post=61167"}],"curies":[{"name":"wp","href":"https:\/\/api.w.org\/{rel}","templated":true}]}}