{"id":61231,"date":"2021-01-22T14:54:37","date_gmt":"2021-01-22T17:54:37","guid":{"rendered":"https:\/\/www.livrariarema.com.br\/loja\/produtos\/sem%20categoria\/biblia-leitura-perfeita-nvi-capa-dura-dourada\/"},"modified":"2026-02-24T12:14:51","modified_gmt":"2026-02-24T15:14:51","slug":"biblia-leitura-perfeita-nvi-capa-dura-dourada","status":"publish","type":"product","link":"https:\/\/www.livrariarema.com.br\/loja\/produtos\/biblias\/nvi\/biblia-leitura-perfeita-nvi-capa-dura-dourada\/","title":{"rendered":"B\u00edblia Leitura Perfeita &#8211; Nvi &#8211; Capa Dura &#8211; Dourada"},"content":{"rendered":"<p>Para desenvolver um relacionamento \u00edntimo com Deus, nada melhor do que se aprofundar no estudo de sua Palavra. <br \/>\nA fonte usada nesta B\u00edblia foi desenvolvida especialmente para a Thomas Nelson Brasil. <br \/>\nO design \u00e9 inspirado na proposta da Nova Vers\u00e3o Internacional (NVI) de ser uma tradu\u00e7\u00e3o moderna e que traz ao leitor a vers\u00e3o mais fiel poss\u00edvel do texto b\u00edblico. <br \/>\nO objetivo dos criadores da Fonte Leitura Perfeita foi refletir essa rica tradi\u00e7\u00e3o de ter um texto fiel, claro e de f\u00e1cil leitura, ao mesmo tempo em que integra os melhores avan\u00e7os em tipografia de b\u00edblias modernas.<br \/>\n O resultado \u00e9 uma fonte singular, moderna, bonita, clara e leg\u00edvel em qualquer tamanho, perfeitamente em sintonia com a Nova Vers\u00e3o Internacional.<\/p>\n","protected":false},"excerpt":{"rendered":"<p>Para desenvolver um relacionamento \u00edntimo com Deus, nada melhor do que se aprofundar no estudo de sua Palavra. A fonte&hellip;<\/p>\n","protected":false},"featured_media":345241,"comment_status":"open","ping_status":"closed","template":"","meta":[],"product_cat":[139,166],"product_tag":[],"_links":{"self":[{"href":"https:\/\/www.livrariarema.com.br\/loja\/wp-json\/wp\/v2\/product\/61231"}],"collection":[{"href":"https:\/\/www.livrariarema.com.br\/loja\/wp-json\/wp\/v2\/product"}],"about":[{"href":"https:\/\/www.livrariarema.com.br\/loja\/wp-json\/wp\/v2\/types\/product"}],"replies":[{"embeddable":true,"href":"https:\/\/www.livrariarema.com.br\/loja\/wp-json\/wp\/v2\/comments?post=61231"}],"wp:featuredmedia":[{"embeddable":true,"href":"https:\/\/www.livrariarema.com.br\/loja\/wp-json\/wp\/v2\/media\/345241"}],"wp:attachment":[{"href":"https:\/\/www.livrariarema.com.br\/loja\/wp-json\/wp\/v2\/media?parent=61231"}],"wp:term":[{"taxonomy":"product_cat","embeddable":true,"href":"https:\/\/www.livrariarema.com.br\/loja\/wp-json\/wp\/v2\/product_cat?post=61231"},{"taxonomy":"product_tag","embeddable":true,"href":"https:\/\/www.livrariarema.com.br\/loja\/wp-json\/wp\/v2\/product_tag?post=61231"}],"curies":[{"name":"wp","href":"https:\/\/api.w.org\/{rel}","templated":true}]}}