{"id":64006,"date":"2021-02-04T14:42:31","date_gmt":"2021-02-04T17:42:31","guid":{"rendered":"https:\/\/www.livrariarema.com.br\/loja\/produtos\/sem%20categoria\/licoes-missionarias-amy-carmichael-comprando-criancas-para-deus-cartazes\/"},"modified":"2024-02-08T13:19:41","modified_gmt":"2024-02-08T16:19:41","slug":"licoes-missionarias-amy-carmichael-comprando-criancas-para-deus-cartazes","status":"publish","type":"product","link":"https:\/\/www.livrariarema.com.br\/loja\/produtos\/diversos\/flanelografo-e-cartazes\/licoes-missionarias-amy-carmichael-comprando-criancas-para-deus-cartazes\/","title":{"rendered":"Li\u00e7\u00f5es Mission\u00e1rias &#8211; Amy Carmichael &#8211; Comprando Crian\u00e7as Para Deus &#8211; Cartazes"},"content":{"rendered":"<p>Amy Carmichael n\u00e3o teve uma vida de a\u00e7\u00e3o temer\u00e1ria ou aventureira, mas de obedi\u00eancia total \u00e0 vontade do Senhor. Esta obedi\u00eancia p\u00f4s Amy em contato com o tr\u00e1fico de crian\u00e7as, sequestro, suborno, assassinatos, processos, torturas e feiti\u00e7aria, ao lado de quase inacredit\u00e1veis respostas de ora\u00e7\u00e3o e liberta\u00e7\u00e3o miraculosas. Em ingl\u00eas o t\u00edtulo da li\u00e7\u00e3o \u00e9 exatamente &#8220;I dare&#8221;, ou seja, &#8220;Eu me atrevo&#8221;. Em portugu\u00eas, esse t\u00edtulo poderia causar estranheza, raz\u00e3o pela qual foi substitu\u00eddo por &#8220;Comprando Crian\u00e7as Para Deus&#8221;, para agu\u00e7ar a curiosidade de quem se depara pela primeira vez com a hist\u00f3ria.<br \/>\nEsta s\u00e9rie demonstra que a coragem foi a marca registrada do minist\u00e9rio de Amy Carmichael na \u00cdndia. Bastava que ela conhecesse o que Deus queria que fizesse, e ia em frente sem hesitar ou preocupar-se com as consequ\u00eancias.<br \/>\nQuando crian\u00e7a, Amy aprendeu cinco li\u00e7\u00f5es muito importantes. Nessa hist\u00f3ria, vamos encontrar Deus dando oportunidades para Amy colocar em pr\u00e1tica cada uma dessas li\u00e7\u00f5es. S\u00e3o li\u00e7\u00f5es que as nossas crian\u00e7as, nos dias de hoje, devem tamb\u00e9m aprender.<\/p>\n<p>Material em cartazes (4 figuras para cada cap\u00edtulo), que o professor ter\u00e1 a possibilidade de colar feltro atr\u00e1s para utilizar a li\u00e7\u00e3o em flanel\u00f3grafo.<br \/>\nPossui tamb\u00e9m perguntas para revis\u00e3o da li\u00e7\u00e3o e ideia de atividade (tirar uma c\u00f3pia para cada aluno colar a foto de um mission\u00e1rio e fazer um cartaz de ora\u00e7\u00e3o).<\/p>\n","protected":false},"excerpt":{"rendered":"<p>Amy Carmichael n\u00e3o teve uma vida de a\u00e7\u00e3o temer\u00e1ria ou aventureira, mas de obedi\u00eancia total \u00e0 vontade do Senhor. Esta&hellip;<\/p>\n","protected":false},"featured_media":283035,"comment_status":"open","ping_status":"closed","template":"","meta":[],"product_cat":[132,133],"product_tag":[],"_links":{"self":[{"href":"https:\/\/www.livrariarema.com.br\/loja\/wp-json\/wp\/v2\/product\/64006"}],"collection":[{"href":"https:\/\/www.livrariarema.com.br\/loja\/wp-json\/wp\/v2\/product"}],"about":[{"href":"https:\/\/www.livrariarema.com.br\/loja\/wp-json\/wp\/v2\/types\/product"}],"replies":[{"embeddable":true,"href":"https:\/\/www.livrariarema.com.br\/loja\/wp-json\/wp\/v2\/comments?post=64006"}],"wp:featuredmedia":[{"embeddable":true,"href":"https:\/\/www.livrariarema.com.br\/loja\/wp-json\/wp\/v2\/media\/283035"}],"wp:attachment":[{"href":"https:\/\/www.livrariarema.com.br\/loja\/wp-json\/wp\/v2\/media?parent=64006"}],"wp:term":[{"taxonomy":"product_cat","embeddable":true,"href":"https:\/\/www.livrariarema.com.br\/loja\/wp-json\/wp\/v2\/product_cat?post=64006"},{"taxonomy":"product_tag","embeddable":true,"href":"https:\/\/www.livrariarema.com.br\/loja\/wp-json\/wp\/v2\/product_tag?post=64006"}],"curies":[{"name":"wp","href":"https:\/\/api.w.org\/{rel}","templated":true}]}}