{"id":64013,"date":"2021-02-04T14:42:58","date_gmt":"2021-02-04T17:42:58","guid":{"rendered":"https:\/\/www.livrariarema.com.br\/loja\/produtos\/sem%20categoria\/licoes-missionarias-um-milagre-para-samuelito-cartazes\/"},"modified":"2025-09-15T11:00:37","modified_gmt":"2025-09-15T14:00:37","slug":"licoes-missionarias-um-milagre-para-samuelito-cartazes","status":"publish","type":"product","link":"https:\/\/www.livrariarema.com.br\/loja\/produtos\/diversos\/flanelografo-e-cartazes\/licoes-missionarias-um-milagre-para-samuelito-cartazes\/","title":{"rendered":"Li\u00e7\u00f5es Mission\u00e1rias &#8211; Um Milagre Para Samuelito &#8211; Cartazes"},"content":{"rendered":"<p>&#8220;Engraxate, senhor&#8221;? &#8211; \u00c9 como Samuelito oferecia o seu trabalho aos turistas que desembarcavam em sua vila.<br \/>\nUm menino que tinha o sonho de estudar, trabalhava para um dia ver este sonho realizado. Guardava todo seu dinheiro num vaso e toda a fam\u00edlia se esfor\u00e7ava para este fim. Ouviu as Boas Novas de Salva\u00e7\u00e3o, atrav\u00e9s do Livro Sem Palavras. Ele queria compartilhar essas verdades com seus pais e irm\u00e3, mas n\u00e3o podia falar de Jesus pra sua pr\u00f3pria fam\u00edlia. Certa vez seu pai sofreu um acidente e a fam\u00edlia precisou gastar a quantia do vaso, tornado a escola um sonho distante para Samuelito. A hist\u00f3ria conta como o Senhor respondeu as ora\u00e7\u00f5es e como ardia no cora\u00e7\u00e3o do menino o desejo de pertencer \u00e0 fam\u00edlia de Deus.<\/p>\n<p>Biografia contada em 5 cap\u00edtulos:<br \/>\n1) O menino engraxate e o vaso da escola<br \/>\n2) Samuelito nasce na fam\u00edlia de Deus<br \/>\n3) A visita da mission\u00e1ria<br \/>\n4) Deus responde \u00e0 ora\u00e7\u00e3o?<br \/>\n5) Um milagre para Samuelito<\/p>\n<p>Inclui: Figuras em Cartazes &#8211; vers\u00edculo visualizado &#8211; Livro Roteiro.<\/p>\n","protected":false},"excerpt":{"rendered":"<p>&#8220;Engraxate, senhor&#8221;? &#8211; \u00c9 como Samuelito oferecia o seu trabalho aos turistas que desembarcavam em sua vila. Um menino que&hellip;<\/p>\n","protected":false},"featured_media":171409,"comment_status":"open","ping_status":"closed","template":"","meta":[],"product_cat":[132,133],"product_tag":[],"_links":{"self":[{"href":"https:\/\/www.livrariarema.com.br\/loja\/wp-json\/wp\/v2\/product\/64013"}],"collection":[{"href":"https:\/\/www.livrariarema.com.br\/loja\/wp-json\/wp\/v2\/product"}],"about":[{"href":"https:\/\/www.livrariarema.com.br\/loja\/wp-json\/wp\/v2\/types\/product"}],"replies":[{"embeddable":true,"href":"https:\/\/www.livrariarema.com.br\/loja\/wp-json\/wp\/v2\/comments?post=64013"}],"wp:featuredmedia":[{"embeddable":true,"href":"https:\/\/www.livrariarema.com.br\/loja\/wp-json\/wp\/v2\/media\/171409"}],"wp:attachment":[{"href":"https:\/\/www.livrariarema.com.br\/loja\/wp-json\/wp\/v2\/media?parent=64013"}],"wp:term":[{"taxonomy":"product_cat","embeddable":true,"href":"https:\/\/www.livrariarema.com.br\/loja\/wp-json\/wp\/v2\/product_cat?post=64013"},{"taxonomy":"product_tag","embeddable":true,"href":"https:\/\/www.livrariarema.com.br\/loja\/wp-json\/wp\/v2\/product_tag?post=64013"}],"curies":[{"name":"wp","href":"https:\/\/api.w.org\/{rel}","templated":true}]}}