{"id":64020,"date":"2021-02-04T14:43:19","date_gmt":"2021-02-04T17:43:19","guid":{"rendered":"https:\/\/www.livrariarema.com.br\/loja\/produtos\/sem%20categoria\/licoes-do-antigo-testamento-daniel-forte-no-senhor-cartazes\/"},"modified":"2024-12-09T15:12:40","modified_gmt":"2024-12-09T18:12:40","slug":"licoes-do-antigo-testamento-daniel-forte-no-senhor-cartazes","status":"publish","type":"product","link":"https:\/\/www.livrariarema.com.br\/loja\/produtos\/diversos\/flanelografo-e-cartazes\/licoes-do-antigo-testamento-daniel-forte-no-senhor-cartazes\/","title":{"rendered":"Li\u00e7\u00f5es Do Antigo Testamento &#8211; Daniel, Forte No Senhor &#8211; Cartazes"},"content":{"rendered":"<p>Planos de aulas completos sobre a vida de Daniel para ensinar crian\u00e7as e ajud\u00e1-las a ficar firmes diante de Deus nos desafios da vida.<\/p>\n<p>6 Li\u00e7\u00f5es sobre Daniel, Forte no Senhor<br \/>\n1) Quatro jovens testados &#8211; Deus quer que voc\u00ea mantenha sua vida limpa.<br \/>\n2) Daniel pede sabedoria a Deus &#8211; Pe\u00e7a sabedoria a Deus.<br \/>\n3) Fornalha em Chamas &#8211; N\u00e3o importa o que aconte\u00e7a fique firme em Deus.<br \/>\n4) Queda do orgulhoso Nabucodonosor &#8211; D\u00ea a Deus a honra que ele merece.<br \/>\n5) Escrita \u00e0 m\u00e3o na parede &#8211; Deus n\u00e3o deixa voc\u00ea escapar impune do pecado.<br \/>\n6) Daniel na cova dos le\u00f5es &#8211; Deus ajuda voc\u00ea a ficar firme e ser fiel a ele.<\/p>\n<p>Inclui:<br \/>\nFiguras em Cartazes<br \/>\nLivro Roteiro<br \/>\nPartitura de M\u00fasicas<\/p>\n","protected":false},"excerpt":{"rendered":"<p>Planos de aulas completos sobre a vida de Daniel para ensinar crian\u00e7as e ajud\u00e1-las a ficar firmes diante de Deus&hellip;<\/p>\n","protected":false},"featured_media":281088,"comment_status":"open","ping_status":"closed","template":"","meta":[],"product_cat":[132,133],"product_tag":[],"_links":{"self":[{"href":"https:\/\/www.livrariarema.com.br\/loja\/wp-json\/wp\/v2\/product\/64020"}],"collection":[{"href":"https:\/\/www.livrariarema.com.br\/loja\/wp-json\/wp\/v2\/product"}],"about":[{"href":"https:\/\/www.livrariarema.com.br\/loja\/wp-json\/wp\/v2\/types\/product"}],"replies":[{"embeddable":true,"href":"https:\/\/www.livrariarema.com.br\/loja\/wp-json\/wp\/v2\/comments?post=64020"}],"wp:featuredmedia":[{"embeddable":true,"href":"https:\/\/www.livrariarema.com.br\/loja\/wp-json\/wp\/v2\/media\/281088"}],"wp:attachment":[{"href":"https:\/\/www.livrariarema.com.br\/loja\/wp-json\/wp\/v2\/media?parent=64020"}],"wp:term":[{"taxonomy":"product_cat","embeddable":true,"href":"https:\/\/www.livrariarema.com.br\/loja\/wp-json\/wp\/v2\/product_cat?post=64020"},{"taxonomy":"product_tag","embeddable":true,"href":"https:\/\/www.livrariarema.com.br\/loja\/wp-json\/wp\/v2\/product_tag?post=64020"}],"curies":[{"name":"wp","href":"https:\/\/api.w.org\/{rel}","templated":true}]}}