{"id":64029,"date":"2021-02-04T14:43:50","date_gmt":"2021-02-04T17:43:50","guid":{"rendered":"https:\/\/www.livrariarema.com.br\/loja\/produtos\/sem%20categoria\/licoes-especiais-as-tres-arvores-cartazes\/"},"modified":"2025-01-06T15:34:40","modified_gmt":"2025-01-06T18:34:40","slug":"licoes-especiais-as-tres-arvores-cartazes","status":"publish","type":"product","link":"https:\/\/www.livrariarema.com.br\/loja\/produtos\/diversos\/flanelografo-e-cartazes\/licoes-especiais-as-tres-arvores-cartazes\/","title":{"rendered":"Li\u00e7\u00f5es Especiais &#8211; As Tres \u00c1rvores &#8211; Cartazes"},"content":{"rendered":"<p>Cada uma das tr\u00eas \u00e1rvores tinha um sonho. A 1\u00aa queria ser o ber\u00e7o de um pr\u00edncipe para viver num pal\u00e1cio. A 2\u00aa queria ser um grande navio cargueiro para carregar pedras preciosas e carga importante. A 3\u00aa queria ficar plantada ali na floresta, sempre apontando para cima, para Deus. Ser\u00e1 que ao serem cortadas elas realizariam esses sonhos??<br \/>\nA APEC, que j\u00e1 publicou esta hist\u00f3ria, oferece agora esta nova edi\u00e7\u00e3o. Apresente-a a suas crian\u00e7as em uma aula normal ou em uma reuni\u00e3o especial, na forma de uma li\u00e7\u00e3o. Ou, se preferir, prepare uma equipe para apresentar usando o texto adaptado para teatro.<\/p>\n<p>Este lindo e tradicional conto infantil traz, de maneira singela, ensinamentos espirituais signifcativos. Foi publicado pela primeira vez nos Estados Unidos da Am\u00e9rica em 1958, e j\u00e1 faz parte do folclore evang\u00e9lico americano, tendo sido republicado diversas vezes. No Brasil, esta hist\u00f3ria j\u00e1 apareceu em diversas publica\u00e7\u00f5es, inclusive na internet, por\u00e9m muitas vezes sem cita\u00e7\u00e3o do nome da autora e com o nome o sonho das tr\u00eas \u00e1rvores.<\/p>\n<p>Inclui: Figuras em Cartazes + Salmo 37:5 (&#8220;Entrega o teu caminho ao SENHOR, confia nele, e o mais ele far\u00e1.&#8221;&#8221;) + Livro para colorir + Roteiro da li\u00e7\u00e3o com sugest\u00e3o de programa\u00e7\u00e3o e de atividades.<\/p>\n","protected":false},"excerpt":{"rendered":"<p>Cada uma das tr\u00eas \u00e1rvores tinha um sonho. A 1\u00aa queria ser o ber\u00e7o de um pr\u00edncipe para viver num&hellip;<\/p>\n","protected":false},"featured_media":176841,"comment_status":"open","ping_status":"closed","template":"","meta":[],"product_cat":[132,133],"product_tag":[],"_links":{"self":[{"href":"https:\/\/www.livrariarema.com.br\/loja\/wp-json\/wp\/v2\/product\/64029"}],"collection":[{"href":"https:\/\/www.livrariarema.com.br\/loja\/wp-json\/wp\/v2\/product"}],"about":[{"href":"https:\/\/www.livrariarema.com.br\/loja\/wp-json\/wp\/v2\/types\/product"}],"replies":[{"embeddable":true,"href":"https:\/\/www.livrariarema.com.br\/loja\/wp-json\/wp\/v2\/comments?post=64029"}],"wp:featuredmedia":[{"embeddable":true,"href":"https:\/\/www.livrariarema.com.br\/loja\/wp-json\/wp\/v2\/media\/176841"}],"wp:attachment":[{"href":"https:\/\/www.livrariarema.com.br\/loja\/wp-json\/wp\/v2\/media?parent=64029"}],"wp:term":[{"taxonomy":"product_cat","embeddable":true,"href":"https:\/\/www.livrariarema.com.br\/loja\/wp-json\/wp\/v2\/product_cat?post=64029"},{"taxonomy":"product_tag","embeddable":true,"href":"https:\/\/www.livrariarema.com.br\/loja\/wp-json\/wp\/v2\/product_tag?post=64029"}],"curies":[{"name":"wp","href":"https:\/\/api.w.org\/{rel}","templated":true}]}}