{"id":64059,"date":"2021-02-04T14:52:30","date_gmt":"2021-02-04T17:52:30","guid":{"rendered":"https:\/\/www.livrariarema.com.br\/loja\/produtos\/sem%20categoria\/licoes-especiais-a-boneca-que-cresceu-cartazes\/"},"modified":"2024-09-02T11:13:59","modified_gmt":"2024-09-02T14:13:59","slug":"licoes-especiais-a-boneca-que-cresceu-cartazes","status":"publish","type":"product","link":"https:\/\/www.livrariarema.com.br\/loja\/produtos\/diversos\/flanelografo-e-cartazes\/licoes-especiais-a-boneca-que-cresceu-cartazes\/","title":{"rendered":"Li\u00e7\u00f5es Especiais &#8211; A Boneca Que Cresceu &#8211; Cartazes"},"content":{"rendered":"<p>Os g\u00eameos Rodrigo e Rosana viviam numa fazenda e seus pais decidiram fazer os presentes daquele s\u00e9timo anivers\u00e1rio. Rodrigo ganhou um patinete feito com pe\u00e7as de madeira do galp\u00e3o e Rosana ganhou uma linda boneca de pano com encimento de arroz, que chamou de Carolina. Ah, ela amava aquela boneca e n\u00e3o a largava por nada.<br \/>\nAlgumas semanas depois, Rodrigo e Rosana estavam ajudando o pai no plantio de feij\u00e3o, quando come\u00e7aram a brincar de correr um atr\u00e1s do outro. Rodrigo, sem querer, derrubou a lata de feij\u00e3o e, quando o pai voltou ele disse que tinha sido o cachorro que havia derrubado a lata. Por\u00e9m Rosana se aproximou e disse:<br \/>\n&#8211; Rodrigo, voc\u00ea sabe muito bem que foi voc\u00ea que derrubou a lata de feij\u00e3o quando corria atr\u00e1s de mim.<br \/>\n&#8211; Sua dedo-duro &#8211; respondeu Rodrigo.<br \/>\nE seu pai o deixou de castigo. Ele deveria se envergonhar de mentir desse jeito.<br \/>\nAh, Rodrigo ficou com muita raiva da irm\u00e3 e quis se vingar. Pegou a Carolina e a enterrou no jardim. Todos procuravam pela boneca e Rodrigo dizia n\u00e3o saber de nada. E assim se passaram dias, e ele tinha certeza que nunca seria descoberto. Por\u00e9m a chuva e o sol fzeram o arroz germinar, brotar e assim o pecado de Rodrigo foi descoberto.<\/p>\n","protected":false},"excerpt":{"rendered":"<p>Os g\u00eameos Rodrigo e Rosana viviam numa fazenda e seus pais decidiram fazer os presentes daquele s\u00e9timo anivers\u00e1rio. Rodrigo ganhou&hellip;<\/p>\n","protected":false},"featured_media":218236,"comment_status":"open","ping_status":"closed","template":"","meta":[],"product_cat":[132,133],"product_tag":[],"_links":{"self":[{"href":"https:\/\/www.livrariarema.com.br\/loja\/wp-json\/wp\/v2\/product\/64059"}],"collection":[{"href":"https:\/\/www.livrariarema.com.br\/loja\/wp-json\/wp\/v2\/product"}],"about":[{"href":"https:\/\/www.livrariarema.com.br\/loja\/wp-json\/wp\/v2\/types\/product"}],"replies":[{"embeddable":true,"href":"https:\/\/www.livrariarema.com.br\/loja\/wp-json\/wp\/v2\/comments?post=64059"}],"wp:featuredmedia":[{"embeddable":true,"href":"https:\/\/www.livrariarema.com.br\/loja\/wp-json\/wp\/v2\/media\/218236"}],"wp:attachment":[{"href":"https:\/\/www.livrariarema.com.br\/loja\/wp-json\/wp\/v2\/media?parent=64059"}],"wp:term":[{"taxonomy":"product_cat","embeddable":true,"href":"https:\/\/www.livrariarema.com.br\/loja\/wp-json\/wp\/v2\/product_cat?post=64059"},{"taxonomy":"product_tag","embeddable":true,"href":"https:\/\/www.livrariarema.com.br\/loja\/wp-json\/wp\/v2\/product_tag?post=64059"}],"curies":[{"name":"wp","href":"https:\/\/api.w.org\/{rel}","templated":true}]}}