{"id":65583,"date":"2021-02-11T15:46:48","date_gmt":"2021-02-11T18:46:48","guid":{"rendered":"https:\/\/www.livrariarema.com.br\/loja\/produtos\/sem%20categoria\/mentiras-em-que-as-meninas-acreditam-e-a-verdade-que-as-liberta-dannah-gresh\/"},"modified":"2026-04-02T15:31:07","modified_gmt":"2026-04-02T18:31:07","slug":"mentiras-em-que-as-meninas-acreditam-e-a-verdade-que-as-liberta-dannah-gresh","status":"publish","type":"product","link":"https:\/\/www.livrariarema.com.br\/loja\/produtos\/livros\/juvenil\/mentiras-em-que-as-meninas-acreditam-e-a-verdade-que-as-liberta-dannah-gresh\/","title":{"rendered":"Mentiras Em Que As Meninas Acreditam E A Verdade Que As Liberta &#8211; Dannah Gresh"},"content":{"rendered":"<p>Crescer \u00e9 t\u00e3o complicado! <\/p>\n<p>Mas pode ser ainda pior se voc\u00ea acreditar em mentiras! Sabia que muitas vezes voc\u00ea nem percebe que isso est\u00e1 acontecendo? \u00c0s vezes s\u00f3 percebe depois que essas mentiras j\u00e1 causaram muito estrago em sua vida! \u00c9 por isso que agora \u00e9 o momento perfeito para voc\u00ea receber todas as informa\u00e7\u00f5es de que precisa para identificar essas mentiras.<\/p>\n<p>Descubra nesse livro A VERDADE sobre Deus, sobre os meninos, sobre a amizade, sobre o futuro e sobre VOC\u00ca MESMA.<\/p>\n<p>E PE\u00c7A A SUA M\u00c3E QUE COMPRE O GUIA PARA M\u00c3ES. ASSIM VOC\u00caS PODEM DESCOBRIR A VERDADE E TAMB\u00c9M SE DIVERTIREM JUNTAS!<\/p>\n","protected":false},"excerpt":{"rendered":"<p>Crescer \u00e9 t\u00e3o complicado! Mas pode ser ainda pior se voc\u00ea acreditar em mentiras! Sabia que muitas vezes voc\u00ea nem&hellip;<\/p>\n","protected":false},"featured_media":345034,"comment_status":"open","ping_status":"closed","template":"","meta":[],"product_cat":[184,134],"product_tag":[],"_links":{"self":[{"href":"https:\/\/www.livrariarema.com.br\/loja\/wp-json\/wp\/v2\/product\/65583"}],"collection":[{"href":"https:\/\/www.livrariarema.com.br\/loja\/wp-json\/wp\/v2\/product"}],"about":[{"href":"https:\/\/www.livrariarema.com.br\/loja\/wp-json\/wp\/v2\/types\/product"}],"replies":[{"embeddable":true,"href":"https:\/\/www.livrariarema.com.br\/loja\/wp-json\/wp\/v2\/comments?post=65583"}],"wp:featuredmedia":[{"embeddable":true,"href":"https:\/\/www.livrariarema.com.br\/loja\/wp-json\/wp\/v2\/media\/345034"}],"wp:attachment":[{"href":"https:\/\/www.livrariarema.com.br\/loja\/wp-json\/wp\/v2\/media?parent=65583"}],"wp:term":[{"taxonomy":"product_cat","embeddable":true,"href":"https:\/\/www.livrariarema.com.br\/loja\/wp-json\/wp\/v2\/product_cat?post=65583"},{"taxonomy":"product_tag","embeddable":true,"href":"https:\/\/www.livrariarema.com.br\/loja\/wp-json\/wp\/v2\/product_tag?post=65583"}],"curies":[{"name":"wp","href":"https:\/\/api.w.org\/{rel}","templated":true}]}}