{"id":65620,"date":"2021-02-11T15:48:44","date_gmt":"2021-02-11T18:48:44","guid":{"rendered":"https:\/\/www.livrariarema.com.br\/loja\/produtos\/sem%20categoria\/comentario-de-tiago-douglas-j-moo\/"},"modified":"2026-02-20T13:40:15","modified_gmt":"2026-02-20T16:40:15","slug":"comentario-de-tiago-douglas-j-moo","status":"publish","type":"product","link":"https:\/\/www.livrariarema.com.br\/loja\/produtos\/livros\/comentario-biblico\/comentario-de-tiago-douglas-j-moo\/","title":{"rendered":"Coment\u00e1rio De Tiago &#8211; Douglas J. Moo"},"content":{"rendered":"<p>A ep\u00edstola de Tiago \u00e9 muit\u00edssima pr\u00e1tica. O prop\u00f3sito de Tiago claramente n\u00e3o \u00e9 tanto informar quanto corrigir, exortar e encorajar. Ele toca apenas de forma r\u00e1pida e alusiva na teologia enquanto se concentra no resultado pr\u00e1tico da teologia.<\/p>\n","protected":false},"excerpt":{"rendered":"<p>A ep\u00edstola de Tiago \u00e9 muit\u00edssima pr\u00e1tica. O prop\u00f3sito de Tiago claramente n\u00e3o \u00e9 tanto informar quanto corrigir, exortar e&hellip;<\/p>\n","protected":false},"featured_media":345101,"comment_status":"open","ping_status":"closed","template":"","meta":[],"product_cat":[164,134],"product_tag":[],"_links":{"self":[{"href":"https:\/\/www.livrariarema.com.br\/loja\/wp-json\/wp\/v2\/product\/65620"}],"collection":[{"href":"https:\/\/www.livrariarema.com.br\/loja\/wp-json\/wp\/v2\/product"}],"about":[{"href":"https:\/\/www.livrariarema.com.br\/loja\/wp-json\/wp\/v2\/types\/product"}],"replies":[{"embeddable":true,"href":"https:\/\/www.livrariarema.com.br\/loja\/wp-json\/wp\/v2\/comments?post=65620"}],"wp:featuredmedia":[{"embeddable":true,"href":"https:\/\/www.livrariarema.com.br\/loja\/wp-json\/wp\/v2\/media\/345101"}],"wp:attachment":[{"href":"https:\/\/www.livrariarema.com.br\/loja\/wp-json\/wp\/v2\/media?parent=65620"}],"wp:term":[{"taxonomy":"product_cat","embeddable":true,"href":"https:\/\/www.livrariarema.com.br\/loja\/wp-json\/wp\/v2\/product_cat?post=65620"},{"taxonomy":"product_tag","embeddable":true,"href":"https:\/\/www.livrariarema.com.br\/loja\/wp-json\/wp\/v2\/product_tag?post=65620"}],"curies":[{"name":"wp","href":"https:\/\/api.w.org\/{rel}","templated":true}]}}