{"id":66752,"date":"2021-02-17T17:55:24","date_gmt":"2021-02-17T20:55:24","guid":{"rendered":"https:\/\/www.livrariarema.com.br\/loja\/produtos\/sem%20categoria\/novo-comentario-biblico-vida-marcos-o-evangelho-do-poder-pablo-a-deiros\/"},"modified":"2026-05-06T15:20:26","modified_gmt":"2026-05-06T18:20:26","slug":"novo-comentario-biblico-vida-marcos-o-evangelho-do-poder-pablo-a-deiros","status":"publish","type":"product","link":"https:\/\/www.livrariarema.com.br\/loja\/produtos\/promocao\/livros-promocao\/novo-comentario-biblico-vida-marcos-o-evangelho-do-poder-pablo-a-deiros\/","title":{"rendered":"Novo Coment\u00e1rio B\u00edblico Vida &#8211; Marcos: O Evangelho Do Poder &#8211; Pablo A. Deiros"},"content":{"rendered":"<p>Para os que vivem e trabalham na Am\u00e9rica Latina espanhola e brasileira, os desafios s\u00e3o muito diferentes dos que pertencem a outros contextos. As necessidades, as oportunidades e os desafios para os que aqui ministram a Palavra s\u00e3o enormes, levando-os a necessitar de uma clara compreens\u00e3o das Escrituras aplicada ao contexto em que se encontram. O Novo Coment\u00e1rio B\u00edblico Vida foi pensado e escrito da perspectiva de algu\u00e9m que est\u00e1 imerso na cultura e na cosmovis\u00e3o latina, na qual a miss\u00e3o \u00e9 o centro da vida e da a\u00e7\u00e3o do crist\u00e3o, da igreja e de seus ministros.<br \/>\nCaracter\u00edsticas singulares desta obra:<br \/>\n&#8211; Olhar atento \u00e0s cren\u00e7as evang\u00e9licas mais profundas.<br \/>\n&#8211; Uso das pautas hermen\u00eauticas mais modernas.<br \/>\n&#8211; Aproxima\u00e7\u00e3o exeg\u00e9tica ao texto b\u00edblico de forma clara e profunda com o objetivo de ajudar a interpretar e aplicar<br \/>\na mensagem com mais propriedade.<br \/>\n&#8211; Esbo\u00e7os gerais do livro, dos cap\u00edtulos e dos temas mais importantes de cada um dos livros do Novo Testamento.<\/p>\n","protected":false},"excerpt":{"rendered":"<p>Para os que vivem e trabalham na Am\u00e9rica Latina espanhola e brasileira, os desafios s\u00e3o muito diferentes dos que pertencem&hellip;<\/p>\n","protected":false},"featured_media":347931,"comment_status":"open","ping_status":"closed","template":"","meta":[],"product_cat":[143,142],"product_tag":[],"_links":{"self":[{"href":"https:\/\/www.livrariarema.com.br\/loja\/wp-json\/wp\/v2\/product\/66752"}],"collection":[{"href":"https:\/\/www.livrariarema.com.br\/loja\/wp-json\/wp\/v2\/product"}],"about":[{"href":"https:\/\/www.livrariarema.com.br\/loja\/wp-json\/wp\/v2\/types\/product"}],"replies":[{"embeddable":true,"href":"https:\/\/www.livrariarema.com.br\/loja\/wp-json\/wp\/v2\/comments?post=66752"}],"wp:featuredmedia":[{"embeddable":true,"href":"https:\/\/www.livrariarema.com.br\/loja\/wp-json\/wp\/v2\/media\/347931"}],"wp:attachment":[{"href":"https:\/\/www.livrariarema.com.br\/loja\/wp-json\/wp\/v2\/media?parent=66752"}],"wp:term":[{"taxonomy":"product_cat","embeddable":true,"href":"https:\/\/www.livrariarema.com.br\/loja\/wp-json\/wp\/v2\/product_cat?post=66752"},{"taxonomy":"product_tag","embeddable":true,"href":"https:\/\/www.livrariarema.com.br\/loja\/wp-json\/wp\/v2\/product_tag?post=66752"}],"curies":[{"name":"wp","href":"https:\/\/api.w.org\/{rel}","templated":true}]}}