{"id":67558,"date":"2021-02-22T16:48:43","date_gmt":"2021-02-22T19:48:43","guid":{"rendered":"https:\/\/www.livrariarema.com.br\/loja\/produtos\/sem%20categoria\/minha-linda-princesinha-devocionais-karen-whiting-2\/"},"modified":"2026-04-10T17:21:30","modified_gmt":"2026-04-10T20:21:30","slug":"minha-linda-princesinha-devocionais-karen-whiting-2","status":"publish","type":"product","link":"https:\/\/www.livrariarema.com.br\/loja\/produtos\/livros\/infantil\/minha-linda-princesinha-devocionais-karen-whiting-2\/","title":{"rendered":"Minha Linda Princesinha &#8211; Devocionais &#8211; Karen Whiting"},"content":{"rendered":"<p>Minha Linda Princesinha Devocionais ensinar\u00e1 \u00e0s meninas que elas s\u00e3o verdadeiras filhas do grande Rei. Elas tamb\u00e9m aprender\u00e3o o quanto Deus as ama e o que Ele espera de seus filhos.<br \/>\nCada devocional inclui um trecho das Escrituras (Palavras Reais), uma mensagem especial (Pensamentos Reais), uma ora\u00e7\u00e3o ao Rei e uma atividade relacionada ao tema do devocional (Princesa em A\u00e7\u00e3o).<br \/>\nSua princesinha vai querer ler sobre o Rei a cada dia e aprender\u00e1 como viver de acordo com a realeza por toda a vida.<\/p>\n","protected":false},"excerpt":{"rendered":"<p>Minha Linda Princesinha Devocionais ensinar\u00e1 \u00e0s meninas que elas s\u00e3o verdadeiras filhas do grande Rei. Elas tamb\u00e9m aprender\u00e3o o quanto&hellip;<\/p>\n","protected":false},"featured_media":345565,"comment_status":"open","ping_status":"closed","template":"","meta":[],"product_cat":[144,134],"product_tag":[],"_links":{"self":[{"href":"https:\/\/www.livrariarema.com.br\/loja\/wp-json\/wp\/v2\/product\/67558"}],"collection":[{"href":"https:\/\/www.livrariarema.com.br\/loja\/wp-json\/wp\/v2\/product"}],"about":[{"href":"https:\/\/www.livrariarema.com.br\/loja\/wp-json\/wp\/v2\/types\/product"}],"replies":[{"embeddable":true,"href":"https:\/\/www.livrariarema.com.br\/loja\/wp-json\/wp\/v2\/comments?post=67558"}],"wp:featuredmedia":[{"embeddable":true,"href":"https:\/\/www.livrariarema.com.br\/loja\/wp-json\/wp\/v2\/media\/345565"}],"wp:attachment":[{"href":"https:\/\/www.livrariarema.com.br\/loja\/wp-json\/wp\/v2\/media?parent=67558"}],"wp:term":[{"taxonomy":"product_cat","embeddable":true,"href":"https:\/\/www.livrariarema.com.br\/loja\/wp-json\/wp\/v2\/product_cat?post=67558"},{"taxonomy":"product_tag","embeddable":true,"href":"https:\/\/www.livrariarema.com.br\/loja\/wp-json\/wp\/v2\/product_tag?post=67558"}],"curies":[{"name":"wp","href":"https:\/\/api.w.org\/{rel}","templated":true}]}}