{"id":68862,"date":"2021-02-26T10:46:00","date_gmt":"2021-02-26T13:46:00","guid":{"rendered":"https:\/\/www.livrariarema.com.br\/loja\/produtos\/sem%20categoria\/maes-espirituais-lisa-bevere\/"},"modified":"2025-12-08T12:40:35","modified_gmt":"2025-12-08T15:40:35","slug":"maes-espirituais-lisa-bevere","status":"publish","type":"product","link":"https:\/\/www.livrariarema.com.br\/loja\/produtos\/livros\/mulher\/maes-espirituais-lisa-bevere\/","title":{"rendered":"M\u00e3es Espirituais &#8211; Lisa Bevere"},"content":{"rendered":"<p>TALVEZ VOC\u00ca PRECISE DE UMA M\u00c3E ESPIRITUAL&#8230;<\/p>\n<p>Algu\u00e9m para sussurrar uma b\u00ean\u00e7\u00e3o e uma palavra de encorajamento sobre a sua vida.<\/p>\n<p>Algu\u00e9m para ajud\u00e1-la a preencher as suas lacunas. Uma mentora que v\u00ea o potencial que espera ser reconhecido em voc\u00ea, os seus desafios que precisam de transforma\u00e7\u00e3o, e as suas d\u00favidas que exigem respostas sinceras.<\/p>\n<p>Em seu livro mais pessoal e poderoso at\u00e9 ent\u00e3o, Lisa Bevere, autora de best-sellers segundo o New York Times, desafia-nos a buscar mais relacionamento e abra\u00e7armos umas \u00e0s outras. M\u00e3es Espirituais oferece revela\u00e7\u00f5es catalisadoras a fim de posicionar mulheres de todas as idades a fazer as conex\u00f5es \u00edntimas e aut\u00eanticas que nos ajudam a realizar nossos sonhos e preencher lacunas em nossas vidas.<\/p>\n<p>As palavras doces e compassivas de Lisa englobam hist\u00f3rias pessoais, princ\u00edpios b\u00edblicos e o mundo dos contos de fadas a fim de fazer voc\u00ea avan\u00e7ar como filha espiritual, cercada de relacionamentos fortes e cheia de confian\u00e7a no seu chamado.<\/p>\n","protected":false},"excerpt":{"rendered":"<p>TALVEZ VOC\u00ca PRECISE DE UMA M\u00c3E ESPIRITUAL&#8230; Algu\u00e9m para sussurrar uma b\u00ean\u00e7\u00e3o e uma palavra de encorajamento sobre a sua&hellip;<\/p>\n","protected":false},"featured_media":340527,"comment_status":"open","ping_status":"closed","template":"","meta":[],"product_cat":[134,170],"product_tag":[],"_links":{"self":[{"href":"https:\/\/www.livrariarema.com.br\/loja\/wp-json\/wp\/v2\/product\/68862"}],"collection":[{"href":"https:\/\/www.livrariarema.com.br\/loja\/wp-json\/wp\/v2\/product"}],"about":[{"href":"https:\/\/www.livrariarema.com.br\/loja\/wp-json\/wp\/v2\/types\/product"}],"replies":[{"embeddable":true,"href":"https:\/\/www.livrariarema.com.br\/loja\/wp-json\/wp\/v2\/comments?post=68862"}],"wp:featuredmedia":[{"embeddable":true,"href":"https:\/\/www.livrariarema.com.br\/loja\/wp-json\/wp\/v2\/media\/340527"}],"wp:attachment":[{"href":"https:\/\/www.livrariarema.com.br\/loja\/wp-json\/wp\/v2\/media?parent=68862"}],"wp:term":[{"taxonomy":"product_cat","embeddable":true,"href":"https:\/\/www.livrariarema.com.br\/loja\/wp-json\/wp\/v2\/product_cat?post=68862"},{"taxonomy":"product_tag","embeddable":true,"href":"https:\/\/www.livrariarema.com.br\/loja\/wp-json\/wp\/v2\/product_tag?post=68862"}],"curies":[{"name":"wp","href":"https:\/\/api.w.org\/{rel}","templated":true}]}}