{"id":68887,"date":"2021-02-26T10:46:45","date_gmt":"2021-02-26T13:46:45","guid":{"rendered":"https:\/\/www.livrariarema.com.br\/loja\/produtos\/sem%20categoria\/movido-pela-eternidade-devocional-de-40-dias-john-bevere\/"},"modified":"2025-12-16T11:45:03","modified_gmt":"2025-12-16T14:45:03","slug":"movido-pela-eternidade-devocional-de-40-dias-john-bevere","status":"publish","type":"product","link":"https:\/\/www.livrariarema.com.br\/loja\/produtos\/livros\/devocional\/movido-pela-eternidade-devocional-de-40-dias-john-bevere\/","title":{"rendered":"Movido Pela Eternidade &#8211; Devocional De 40 Dias &#8211; John Bevere"},"content":{"rendered":"<p>Este devocional de 40 dias \u00e9 inspirado no livro Movido Pela Eternidade: Fa\u00e7a a Sua Vida Valer a Pena Hoje e Para Sempre do autor best-seller John Bevere, onde ele compartilha princ\u00edpios encorajadores sobre como viver com a esperan\u00e7a e a certeza que o levar\u00e3o \u00e0 eternidade. Cada dia cont\u00e9m uma leitura devocional inspirada no livro, vers\u00edculos b\u00edblicos adicionais para estudo, uma verdade sobre a eternidade, passos-chave de a\u00e7\u00e3o, pontos de reflex\u00e3o, e uma ora\u00e7\u00e3o.<\/p>\n<p>Como se preparar para apresentar-se com confian\u00e7a diante de Cristo? Este devocional ir\u00e1 instru\u00ed-lo a manter uma perspectiva eterna e o inspirar\u00e1 a trabalhar pelas coisas que durar\u00e3o at\u00e9 o fim.<\/p>\n","protected":false},"excerpt":{"rendered":"<p>Este devocional de 40 dias \u00e9 inspirado no livro Movido Pela Eternidade: Fa\u00e7a a Sua Vida Valer a Pena Hoje&hellip;<\/p>\n","protected":false},"featured_media":340352,"comment_status":"open","ping_status":"closed","template":"","meta":[],"product_cat":[158,134],"product_tag":[],"_links":{"self":[{"href":"https:\/\/www.livrariarema.com.br\/loja\/wp-json\/wp\/v2\/product\/68887"}],"collection":[{"href":"https:\/\/www.livrariarema.com.br\/loja\/wp-json\/wp\/v2\/product"}],"about":[{"href":"https:\/\/www.livrariarema.com.br\/loja\/wp-json\/wp\/v2\/types\/product"}],"replies":[{"embeddable":true,"href":"https:\/\/www.livrariarema.com.br\/loja\/wp-json\/wp\/v2\/comments?post=68887"}],"wp:featuredmedia":[{"embeddable":true,"href":"https:\/\/www.livrariarema.com.br\/loja\/wp-json\/wp\/v2\/media\/340352"}],"wp:attachment":[{"href":"https:\/\/www.livrariarema.com.br\/loja\/wp-json\/wp\/v2\/media?parent=68887"}],"wp:term":[{"taxonomy":"product_cat","embeddable":true,"href":"https:\/\/www.livrariarema.com.br\/loja\/wp-json\/wp\/v2\/product_cat?post=68887"},{"taxonomy":"product_tag","embeddable":true,"href":"https:\/\/www.livrariarema.com.br\/loja\/wp-json\/wp\/v2\/product_tag?post=68887"}],"curies":[{"name":"wp","href":"https:\/\/api.w.org\/{rel}","templated":true}]}}