{"id":69014,"date":"2021-02-26T17:10:15","date_gmt":"2021-02-26T20:10:15","guid":{"rendered":"https:\/\/www.livrariarema.com.br\/loja\/produtos\/sem%20categoria\/apocalipse-versiculo-por-versiculo-severino-pedro-da-silva-2\/"},"modified":"2026-03-11T15:10:49","modified_gmt":"2026-03-11T18:10:49","slug":"apocalipse-versiculo-por-versiculo-severino-pedro-da-silva-2","status":"publish","type":"product","link":"https:\/\/www.livrariarema.com.br\/loja\/produtos\/livros\/estudo-biblico\/apocalipse-versiculo-por-versiculo-severino-pedro-da-silva-2\/","title":{"rendered":"Apocalipse Vers\u00edculo Por Vers\u00edculo &#8211; Severino Pedro Da Silva"},"content":{"rendered":"<p>Lendo atentamente este livro, voc\u00ea poder\u00e1 responder, entre outras, as seguintes perguntas: <br \/>\n&#8211; O que \u00e9 o Apocalipse? <Br><br \/>\n&#8211; Qual a sua mensagem central? <br \/>\n&#8211; Quem \u00e9 realmente o Anticristo? <br \/>\n&#8211; Como entender a sua linguagem? <br \/>\n&#8211; Podemos aplic\u00e1-lo \u00e0 Igreja de hoje? <br \/>\nComentando o Apocalipse vers\u00edculo por vers\u00edculo, o autor leva voc\u00ea a percorrer os misteriosos, e sempre emocionantes, caminhos da doutrina das \u00faltimas coisas.Trata-se de uma exposi\u00e7\u00e3o exeg\u00e9tica e teol\u00f3gica de um dos livros mais dif\u00edceis das Sagradas Escrituras. Atrav\u00e9s desse m\u00e9todo, voc\u00ea constatar\u00e1 que \u00e9 poss\u00edvel compreender inteiramente o que est\u00e1 prestes a acontecer. Leia este livro e veja o que Deus reservou para estes dias. Descubra o que h\u00e1 por tr\u00e1s das figuras e s\u00edmbolos da \u00faltima mensagem da B\u00edblia.<\/p>\n","protected":false},"excerpt":{"rendered":"<p>Lendo atentamente este livro, voc\u00ea poder\u00e1 responder, entre outras, as seguintes perguntas: &#8211; O que \u00e9 o Apocalipse? &#8211; Qual&hellip;<\/p>\n","protected":false},"featured_media":329450,"comment_status":"open","ping_status":"closed","template":"","meta":[],"product_cat":[161,134],"product_tag":[],"_links":{"self":[{"href":"https:\/\/www.livrariarema.com.br\/loja\/wp-json\/wp\/v2\/product\/69014"}],"collection":[{"href":"https:\/\/www.livrariarema.com.br\/loja\/wp-json\/wp\/v2\/product"}],"about":[{"href":"https:\/\/www.livrariarema.com.br\/loja\/wp-json\/wp\/v2\/types\/product"}],"replies":[{"embeddable":true,"href":"https:\/\/www.livrariarema.com.br\/loja\/wp-json\/wp\/v2\/comments?post=69014"}],"wp:featuredmedia":[{"embeddable":true,"href":"https:\/\/www.livrariarema.com.br\/loja\/wp-json\/wp\/v2\/media\/329450"}],"wp:attachment":[{"href":"https:\/\/www.livrariarema.com.br\/loja\/wp-json\/wp\/v2\/media?parent=69014"}],"wp:term":[{"taxonomy":"product_cat","embeddable":true,"href":"https:\/\/www.livrariarema.com.br\/loja\/wp-json\/wp\/v2\/product_cat?post=69014"},{"taxonomy":"product_tag","embeddable":true,"href":"https:\/\/www.livrariarema.com.br\/loja\/wp-json\/wp\/v2\/product_tag?post=69014"}],"curies":[{"name":"wp","href":"https:\/\/api.w.org\/{rel}","templated":true}]}}