{"id":69046,"date":"2021-02-26T17:37:02","date_gmt":"2021-02-26T20:37:02","guid":{"rendered":"https:\/\/www.livrariarema.com.br\/loja\/produtos\/sem%20categoria\/ntlh63m-biblia-sagrada-capa-dura-ancora\/"},"modified":"2026-01-05T15:11:17","modified_gmt":"2026-01-05T18:11:17","slug":"ntlh63m-biblia-sagrada-capa-dura-ancora","status":"publish","type":"product","link":"https:\/\/www.livrariarema.com.br\/loja\/produtos\/biblias\/ntlh\/ntlh63m-biblia-sagrada-capa-dura-ancora\/","title":{"rendered":"Ntlh63m &#8211; B\u00edblia &#8211; Letra Normal &#8211; Capa Dura &#8211; \u00c2ncora"},"content":{"rendered":"<p>Uma \u00e2ncora convida a depositar nossa f\u00e9 em Jesus na capa dessa linda B\u00edblia. Por seu valor acess\u00edvel, \u00e9 ideal para a\u00e7\u00f5es de evangeliza\u00e7\u00e3o.Cont\u00e9m um conjunto de recursos que fazem desta B\u00edblia uma excelente op\u00e7\u00e3o para o dia-a-dia.<\/p>\n","protected":false},"excerpt":{"rendered":"<p>Uma \u00e2ncora convida a depositar nossa f\u00e9 em Jesus na capa dessa linda B\u00edblia. Por seu valor acess\u00edvel, \u00e9 ideal&hellip;<\/p>\n","protected":false},"featured_media":336988,"comment_status":"open","ping_status":"closed","template":"","meta":[],"product_cat":[139,188],"product_tag":[],"_links":{"self":[{"href":"https:\/\/www.livrariarema.com.br\/loja\/wp-json\/wp\/v2\/product\/69046"}],"collection":[{"href":"https:\/\/www.livrariarema.com.br\/loja\/wp-json\/wp\/v2\/product"}],"about":[{"href":"https:\/\/www.livrariarema.com.br\/loja\/wp-json\/wp\/v2\/types\/product"}],"replies":[{"embeddable":true,"href":"https:\/\/www.livrariarema.com.br\/loja\/wp-json\/wp\/v2\/comments?post=69046"}],"wp:featuredmedia":[{"embeddable":true,"href":"https:\/\/www.livrariarema.com.br\/loja\/wp-json\/wp\/v2\/media\/336988"}],"wp:attachment":[{"href":"https:\/\/www.livrariarema.com.br\/loja\/wp-json\/wp\/v2\/media?parent=69046"}],"wp:term":[{"taxonomy":"product_cat","embeddable":true,"href":"https:\/\/www.livrariarema.com.br\/loja\/wp-json\/wp\/v2\/product_cat?post=69046"},{"taxonomy":"product_tag","embeddable":true,"href":"https:\/\/www.livrariarema.com.br\/loja\/wp-json\/wp\/v2\/product_tag?post=69046"}],"curies":[{"name":"wp","href":"https:\/\/api.w.org\/{rel}","templated":true}]}}