{"id":69324,"date":"2021-03-02T11:54:55","date_gmt":"2021-03-02T14:54:55","guid":{"rendered":"https:\/\/www.livrariarema.com.br\/loja\/produtos\/sem%20categoria\/biblia-king-james-1611-especial-marmorizado\/"},"modified":"2025-07-17T10:40:35","modified_gmt":"2025-07-17T13:40:35","slug":"biblia-king-james-1611-especial-marmorizado","status":"publish","type":"product","link":"https:\/\/www.livrariarema.com.br\/loja\/produtos\/biblias\/king-james\/biblia-king-james-1611-especial-marmorizado\/","title":{"rendered":"B\u00edblia &#8211; King James 1611 &#8211; Especial &#8211; Marmorizado"},"content":{"rendered":"<p>Favorita de milh\u00f5es de leitores em todo o mundo, a tradicional B\u00edblia King James acaba de ganhar uma nova edi\u00e7\u00e3o pela GEOGR\u00c1FICA EDITORA. Lan\u00e7ada no s\u00e9culo 17, a King James \u00e9 reconhecida pelo estilo e beleza da linguagem, sendo, at\u00e9 hoje, a obra mais vendida na l\u00edngua inglesa. Fruto de cuidadoso trabalho de tradu\u00e7\u00e3o por eruditos, o texto \u00e9 extremamente fidedigno aos originais e sua vers\u00e3o em portugu\u00eas conserva a eleg\u00e2ncia e a nobreza de 400 anos de tradi\u00e7\u00e3o, sem abrir m\u00e3o da clareza.<\/p>\n","protected":false},"excerpt":{"rendered":"<p>Favorita de milh\u00f5es de leitores em todo o mundo, a tradicional B\u00edblia King James acaba de ganhar uma nova edi\u00e7\u00e3o&hellip;<\/p>\n","protected":false},"featured_media":325818,"comment_status":"open","ping_status":"closed","template":"","meta":[],"product_cat":[139,233],"product_tag":[],"_links":{"self":[{"href":"https:\/\/www.livrariarema.com.br\/loja\/wp-json\/wp\/v2\/product\/69324"}],"collection":[{"href":"https:\/\/www.livrariarema.com.br\/loja\/wp-json\/wp\/v2\/product"}],"about":[{"href":"https:\/\/www.livrariarema.com.br\/loja\/wp-json\/wp\/v2\/types\/product"}],"replies":[{"embeddable":true,"href":"https:\/\/www.livrariarema.com.br\/loja\/wp-json\/wp\/v2\/comments?post=69324"}],"wp:featuredmedia":[{"embeddable":true,"href":"https:\/\/www.livrariarema.com.br\/loja\/wp-json\/wp\/v2\/media\/325818"}],"wp:attachment":[{"href":"https:\/\/www.livrariarema.com.br\/loja\/wp-json\/wp\/v2\/media?parent=69324"}],"wp:term":[{"taxonomy":"product_cat","embeddable":true,"href":"https:\/\/www.livrariarema.com.br\/loja\/wp-json\/wp\/v2\/product_cat?post=69324"},{"taxonomy":"product_tag","embeddable":true,"href":"https:\/\/www.livrariarema.com.br\/loja\/wp-json\/wp\/v2\/product_tag?post=69324"}],"curies":[{"name":"wp","href":"https:\/\/api.w.org\/{rel}","templated":true}]}}