{"id":69377,"date":"2021-03-02T11:56:43","date_gmt":"2021-03-02T14:56:43","guid":{"rendered":"https:\/\/www.livrariarema.com.br\/loja\/produtos\/sem%20categoria\/diario-devocional-promessas-biblicas-para-mulheres\/"},"modified":"2025-12-02T15:23:31","modified_gmt":"2025-12-02T18:23:31","slug":"diario-devocional-promessas-biblicas-para-mulheres","status":"publish","type":"product","link":"https:\/\/www.livrariarema.com.br\/loja\/produtos\/livros\/devocional\/diario-devocional-promessas-biblicas-para-mulheres\/","title":{"rendered":"Di\u00e1rio Devocional &#8211; Promessas B\u00edblicas Para Mulheres"},"content":{"rendered":"<p>\u00c9 claro que as promessas do Senhor s\u00e3o para todos aqueles que creem &#8211; mas, no caso das mulheres, elas t\u00eam um, digamos, gostinho especial. Como \u00e9 maravilhoso, para elas, saber que a Palavra do Senhor lhes traz a doce garantia da presen\u00e7a constante de Cristo ao seu lado em casa, no trabalho, nos compromissos de todo dia, nos cuidados com a fam\u00edlia e, claro, tanto nos momentos alegres como nas horas de ang\u00fastia. Promessas b\u00edblicas para mulheres \u00e9 muito mais que um lindo di\u00e1rio devocional, editado com o requinte e excel\u00eancia que caracterizam as obras da GEOGR\u00c1FICA EDITORA; \u00e9 um companheiro de cabeceira. Organizado por temas organizados alfabeticamente, como aceita\u00e7\u00e3o, coragem, medo, perd\u00e3o, esperan\u00e7a, alegria, paci\u00eancia, sabedoria e muito mais, o di\u00e1rio traz, ainda, centenas de passagens b\u00edblicas inspirativas. Fonte de vida, for\u00e7a e luz, as Sagradas Escrituras s\u00e3o o fundamento para uma exist\u00eancia mais plena e feliz, e Promessas b\u00edblicas para mulheres ajuda a leitora a encontr\u00e1-las.<\/p>\n","protected":false},"excerpt":{"rendered":"<p>\u00c9 claro que as promessas do Senhor s\u00e3o para todos aqueles que creem &#8211; mas, no caso das mulheres, elas&hellip;<\/p>\n","protected":false},"featured_media":326086,"comment_status":"open","ping_status":"closed","template":"","meta":[],"product_cat":[158,134],"product_tag":[],"_links":{"self":[{"href":"https:\/\/www.livrariarema.com.br\/loja\/wp-json\/wp\/v2\/product\/69377"}],"collection":[{"href":"https:\/\/www.livrariarema.com.br\/loja\/wp-json\/wp\/v2\/product"}],"about":[{"href":"https:\/\/www.livrariarema.com.br\/loja\/wp-json\/wp\/v2\/types\/product"}],"replies":[{"embeddable":true,"href":"https:\/\/www.livrariarema.com.br\/loja\/wp-json\/wp\/v2\/comments?post=69377"}],"wp:featuredmedia":[{"embeddable":true,"href":"https:\/\/www.livrariarema.com.br\/loja\/wp-json\/wp\/v2\/media\/326086"}],"wp:attachment":[{"href":"https:\/\/www.livrariarema.com.br\/loja\/wp-json\/wp\/v2\/media?parent=69377"}],"wp:term":[{"taxonomy":"product_cat","embeddable":true,"href":"https:\/\/www.livrariarema.com.br\/loja\/wp-json\/wp\/v2\/product_cat?post=69377"},{"taxonomy":"product_tag","embeddable":true,"href":"https:\/\/www.livrariarema.com.br\/loja\/wp-json\/wp\/v2\/product_tag?post=69377"}],"curies":[{"name":"wp","href":"https:\/\/api.w.org\/{rel}","templated":true}]}}