{"id":74023,"date":"2021-04-06T09:04:41","date_gmt":"2021-04-06T12:04:41","guid":{"rendered":"https:\/\/www.livrariarema.com.br\/loja\/produtos\/sem%20categoria\/pensando-em-linguas-james-k-a-smith\/"},"modified":"2026-03-31T15:30:39","modified_gmt":"2026-03-31T18:30:39","slug":"pensando-em-linguas-james-k-a-smith","status":"publish","type":"product","link":"https:\/\/www.livrariarema.com.br\/loja\/produtos\/promocao\/livros-promocao\/pensando-em-linguas-james-k-a-smith\/","title":{"rendered":"Pensando Em L\u00ednguas &#8211; James K. A. Smith"},"content":{"rendered":"<p>As \u00faltimas d\u00e9cadas testemunharam um renascimento da filosofia crist\u00e3, liderado pelo trabalho de Alvin Plantinga, Nicholas Wolterstorff, William Alston, Eleonore Stump, dentre outros. No esp\u00edrito do famoso manifesto de Plantinga, Conselhos aos fil\u00f3sofos crist\u00e3os, o que James K. A. Smith oferece aqui n\u00e3o \u00e9 apenas conselhos aos fil\u00f3sofos pentecostais, mas tamb\u00e9m alguns conselhos pentecostais aos fil\u00f3sofos crist\u00e3os. Neste livro, o autor come\u00e7a com a convic\u00e7\u00e3o de que h\u00e1 uma vis\u00e3o de mundo t\u00e1cita ou um &#8220;imagin\u00e1rio cial&#8221; impl\u00edcito na espiritualidade pentecostal e carism\u00e1tica. Pensando em l\u00ednguas descompacta e articula os elementos-chave dessa cosmovis\u00e3o pentecostal e, em seguida, explora suas implica\u00e7\u00f5es para a reflex\u00e3o filos\u00f3fica sobre ontologia, epistemologia, est\u00e9tica, linguagem, ci\u00eancia e filosofia da religi\u00e3o. Em cada caso, Smith demonstra como a sabedoria impl\u00edcita da espiritualidade pentecostal faz contribui\u00e7\u00f5es \u00fanicas para as conversas atuais na filosofia crist\u00e3.<\/p>\n","protected":false},"excerpt":{"rendered":"<p>As \u00faltimas d\u00e9cadas testemunharam um renascimento da filosofia crist\u00e3, liderado pelo trabalho de Alvin Plantinga, Nicholas Wolterstorff, William Alston, Eleonore&hellip;<\/p>\n","protected":false},"featured_media":345377,"comment_status":"open","ping_status":"closed","template":"","meta":[],"product_cat":[143,142],"product_tag":[],"_links":{"self":[{"href":"https:\/\/www.livrariarema.com.br\/loja\/wp-json\/wp\/v2\/product\/74023"}],"collection":[{"href":"https:\/\/www.livrariarema.com.br\/loja\/wp-json\/wp\/v2\/product"}],"about":[{"href":"https:\/\/www.livrariarema.com.br\/loja\/wp-json\/wp\/v2\/types\/product"}],"replies":[{"embeddable":true,"href":"https:\/\/www.livrariarema.com.br\/loja\/wp-json\/wp\/v2\/comments?post=74023"}],"wp:featuredmedia":[{"embeddable":true,"href":"https:\/\/www.livrariarema.com.br\/loja\/wp-json\/wp\/v2\/media\/345377"}],"wp:attachment":[{"href":"https:\/\/www.livrariarema.com.br\/loja\/wp-json\/wp\/v2\/media?parent=74023"}],"wp:term":[{"taxonomy":"product_cat","embeddable":true,"href":"https:\/\/www.livrariarema.com.br\/loja\/wp-json\/wp\/v2\/product_cat?post=74023"},{"taxonomy":"product_tag","embeddable":true,"href":"https:\/\/www.livrariarema.com.br\/loja\/wp-json\/wp\/v2\/product_tag?post=74023"}],"curies":[{"name":"wp","href":"https:\/\/api.w.org\/{rel}","templated":true}]}}