{"id":74035,"date":"2021-04-06T09:05:04","date_gmt":"2021-04-06T12:05:04","guid":{"rendered":"https:\/\/www.livrariarema.com.br\/loja\/produtos\/sem%20categoria\/contos-inacabados-j-r-r-tolkien\/"},"modified":"2026-04-14T12:32:53","modified_gmt":"2026-04-14T15:32:53","slug":"contos-inacabados-j-r-r-tolkien","status":"publish","type":"product","link":"https:\/\/www.livrariarema.com.br\/loja\/produtos\/livros\/ficcao\/contos-inacabados-j-r-r-tolkien\/","title":{"rendered":"Contos Inacabados &#8211; J. R. R. Tolkien"},"content":{"rendered":"<p>Contos Inacabados de N\u00famenor e da Terra-m\u00e9dia \u00e9 uma colet\u00e2nea de narrativas que v\u00e3o desde os Dias Antigos da Terra-m\u00e9dia at\u00e9 o final da Guerra do Anel. Dentre seus contos h\u00e1 um relato de Gandalf sobre como ele enviou os An\u00e3os para Bols\u00e3o, uma descri\u00e7\u00e3o detalhada sobre a organiza\u00e7\u00e3o militar dos Cavaleiros de Rohan, al\u00e9m de um relato alternativo da lenda dos filhos de H\u00farin.<\/p>\n<p>A obra cont\u00e9m, ainda, a \u00fanica hist\u00f3ria que restou sobre as longas eras de N\u00famenor antes de sua queda, e tudo o que se conhece sobre temas como os Cinco Magos, as Palant\u00edri ou a lenda de Amroth. Os contos foram reunidos e editados pelo filho e herdeiro liter\u00e1rio do autor, Christopher Tolkien, que fornece um breve coment\u00e1rio sobre cada hist\u00f3ria, ajudando o leitor a preencher as lacunas e a colocar cada uma no contexto dos demais escritos de seu pai.<\/p>\n","protected":false},"excerpt":{"rendered":"<p>Contos Inacabados de N\u00famenor e da Terra-m\u00e9dia \u00e9 uma colet\u00e2nea de narrativas que v\u00e3o desde os Dias Antigos da Terra-m\u00e9dia&hellip;<\/p>\n","protected":false},"featured_media":347003,"comment_status":"open","ping_status":"closed","template":"","meta":[],"product_cat":[162,134],"product_tag":[],"_links":{"self":[{"href":"https:\/\/www.livrariarema.com.br\/loja\/wp-json\/wp\/v2\/product\/74035"}],"collection":[{"href":"https:\/\/www.livrariarema.com.br\/loja\/wp-json\/wp\/v2\/product"}],"about":[{"href":"https:\/\/www.livrariarema.com.br\/loja\/wp-json\/wp\/v2\/types\/product"}],"replies":[{"embeddable":true,"href":"https:\/\/www.livrariarema.com.br\/loja\/wp-json\/wp\/v2\/comments?post=74035"}],"wp:featuredmedia":[{"embeddable":true,"href":"https:\/\/www.livrariarema.com.br\/loja\/wp-json\/wp\/v2\/media\/347003"}],"wp:attachment":[{"href":"https:\/\/www.livrariarema.com.br\/loja\/wp-json\/wp\/v2\/media?parent=74035"}],"wp:term":[{"taxonomy":"product_cat","embeddable":true,"href":"https:\/\/www.livrariarema.com.br\/loja\/wp-json\/wp\/v2\/product_cat?post=74035"},{"taxonomy":"product_tag","embeddable":true,"href":"https:\/\/www.livrariarema.com.br\/loja\/wp-json\/wp\/v2\/product_tag?post=74035"}],"curies":[{"name":"wp","href":"https:\/\/api.w.org\/{rel}","templated":true}]}}