{"id":75344,"date":"2021-04-12T15:41:27","date_gmt":"2021-04-12T18:41:27","guid":{"rendered":"https:\/\/www.livrariarema.com.br\/loja\/produtos\/sem%20categoria\/autoridade-espiritual-watchman-nee\/"},"modified":"2026-03-07T14:05:40","modified_gmt":"2026-03-07T17:05:40","slug":"autoridade-espiritual-watchman-nee","status":"publish","type":"product","link":"https:\/\/www.livrariarema.com.br\/loja\/produtos\/livros\/vida-crista\/autoridade-espiritual-watchman-nee\/","title":{"rendered":"Autoridade Espiritual &#8211; Watchman Nee"},"content":{"rendered":"<p>O que \u00e9 autoridade? O que \u00e9 autoridade espiritual? Como comportar-se quando autoridades civis, ou mesmo eclesi\u00e1sticas, est\u00e3o em contradi\u00e7\u00e3o com o que determina a Palavra de Deus?<\/p>\n<p>Nas p\u00e1ginas deste livro voc\u00ea encontrar\u00e1 li\u00e7\u00f5es s\u00e1bias, tiradas da pr\u00f3pria B\u00edblia, que o ajudar\u00e3o a solucionar muitos problemas relacionados com o importante tema da obedi\u00eancia \u00e0 autoridade.<\/p>\n","protected":false},"excerpt":{"rendered":"<p>O que \u00e9 autoridade? O que \u00e9 autoridade espiritual? Como comportar-se quando autoridades civis, ou mesmo eclesi\u00e1sticas, est\u00e3o em contradi\u00e7\u00e3o&hellip;<\/p>\n","protected":false},"featured_media":345921,"comment_status":"open","ping_status":"closed","template":"","meta":[],"product_cat":[134,137],"product_tag":[],"_links":{"self":[{"href":"https:\/\/www.livrariarema.com.br\/loja\/wp-json\/wp\/v2\/product\/75344"}],"collection":[{"href":"https:\/\/www.livrariarema.com.br\/loja\/wp-json\/wp\/v2\/product"}],"about":[{"href":"https:\/\/www.livrariarema.com.br\/loja\/wp-json\/wp\/v2\/types\/product"}],"replies":[{"embeddable":true,"href":"https:\/\/www.livrariarema.com.br\/loja\/wp-json\/wp\/v2\/comments?post=75344"}],"wp:featuredmedia":[{"embeddable":true,"href":"https:\/\/www.livrariarema.com.br\/loja\/wp-json\/wp\/v2\/media\/345921"}],"wp:attachment":[{"href":"https:\/\/www.livrariarema.com.br\/loja\/wp-json\/wp\/v2\/media?parent=75344"}],"wp:term":[{"taxonomy":"product_cat","embeddable":true,"href":"https:\/\/www.livrariarema.com.br\/loja\/wp-json\/wp\/v2\/product_cat?post=75344"},{"taxonomy":"product_tag","embeddable":true,"href":"https:\/\/www.livrariarema.com.br\/loja\/wp-json\/wp\/v2\/product_tag?post=75344"}],"curies":[{"name":"wp","href":"https:\/\/api.w.org\/{rel}","templated":true}]}}