{"id":75504,"date":"2021-04-13T12:15:26","date_gmt":"2021-04-13T15:15:26","guid":{"rendered":"https:\/\/www.livrariarema.com.br\/loja\/produtos\/sem%20categoria\/presenca-do-futuro-a-a-escatologia-do-realismo-biblico-george-ladd\/"},"modified":"2026-02-20T13:40:32","modified_gmt":"2026-02-20T16:40:32","slug":"presenca-do-futuro-a-a-escatologia-do-realismo-biblico-george-ladd","status":"publish","type":"product","link":"https:\/\/www.livrariarema.com.br\/loja\/produtos\/promocao\/livros-promocao\/presenca-do-futuro-a-a-escatologia-do-realismo-biblico-george-ladd\/","title":{"rendered":"Presen\u00e7a Do Futuro, A &#8211; A Escatologia Do Realismo B\u00edblico &#8211; George Ladd"},"content":{"rendered":"<p>A tese central deste livro \u00e9 que o Reino de Deus consiste no reinado redentor ativo de Deus por meio do qual o Senhor estabelece com dinamismo seu governo entre os homens, e esse Reino, que aparecer\u00e1 como um ato apocal\u00edptico no fim dos tempos, j\u00e1 entrou em vigor na hist\u00f3ria humana na pessoa e na miss\u00e3o de Jesus para vencer o mal, libertar os homens do poder das trevas e lev\u00e1-los \u00e0s b\u00ean\u00e7\u00e3os do Reino de Deus. O Reino de Deus envolve dois grandes momentos: a realiza\u00e7\u00e3o na hist\u00f3ria e a consuma\u00e7\u00e3o no fim da hist\u00f3ria.<\/p>\n","protected":false},"excerpt":{"rendered":"<p>A tese central deste livro \u00e9 que o Reino de Deus consiste no reinado redentor ativo de Deus por meio&hellip;<\/p>\n","protected":false},"featured_media":345102,"comment_status":"open","ping_status":"closed","template":"","meta":[],"product_cat":[143,142],"product_tag":[],"_links":{"self":[{"href":"https:\/\/www.livrariarema.com.br\/loja\/wp-json\/wp\/v2\/product\/75504"}],"collection":[{"href":"https:\/\/www.livrariarema.com.br\/loja\/wp-json\/wp\/v2\/product"}],"about":[{"href":"https:\/\/www.livrariarema.com.br\/loja\/wp-json\/wp\/v2\/types\/product"}],"replies":[{"embeddable":true,"href":"https:\/\/www.livrariarema.com.br\/loja\/wp-json\/wp\/v2\/comments?post=75504"}],"wp:featuredmedia":[{"embeddable":true,"href":"https:\/\/www.livrariarema.com.br\/loja\/wp-json\/wp\/v2\/media\/345102"}],"wp:attachment":[{"href":"https:\/\/www.livrariarema.com.br\/loja\/wp-json\/wp\/v2\/media?parent=75504"}],"wp:term":[{"taxonomy":"product_cat","embeddable":true,"href":"https:\/\/www.livrariarema.com.br\/loja\/wp-json\/wp\/v2\/product_cat?post=75504"},{"taxonomy":"product_tag","embeddable":true,"href":"https:\/\/www.livrariarema.com.br\/loja\/wp-json\/wp\/v2\/product_tag?post=75504"}],"curies":[{"name":"wp","href":"https:\/\/api.w.org\/{rel}","templated":true}]}}