{"id":75515,"date":"2021-04-13T12:15:49","date_gmt":"2021-04-13T15:15:49","guid":{"rendered":"https:\/\/www.livrariarema.com.br\/loja\/produtos\/sem%20categoria\/kit-mentiras-em-que-as-meninas-acreditam-e-a-verdade-que-as-liberta-guia-das-maes-dannah-gresh\/"},"modified":"2026-02-20T13:17:30","modified_gmt":"2026-02-20T16:17:30","slug":"kit-mentiras-em-que-as-meninas-acreditam-e-a-verdade-que-as-liberta-guia-das-maes-dannah-gresh","status":"publish","type":"product","link":"https:\/\/www.livrariarema.com.br\/loja\/produtos\/livros\/familia\/kit-mentiras-em-que-as-meninas-acreditam-e-a-verdade-que-as-liberta-guia-das-maes-dannah-gresh\/","title":{"rendered":"Kit Mentiras Em Que As Meninas Acreditam E A Verdade Que As Liberta + Guia Das M\u00e3es &#8211; Dannah Gresh"},"content":{"rendered":"<p>M\u00c3ES E FILHAS UNIDAS PARA IDENTIFICAR AS MENTIRAS QUE PRECISAM COMBATER COM A VERDADE!<\/p>\n<p>As mentiras do mundo est\u00e3o em toda parte, e as meninas sofrem com elas. Exemplo disso \u00e9 quando temem n\u00e3o ser iguais a suas coleguinhas ou caem na cren\u00e7a de que precisam ser perfeitas! Isso tudo resulta em um \u00edndice assustador de ansiedade entre as pr\u00e9-adolescentes.<\/p>\n<p>Este kit com livro para meninas e guia para m\u00e3es foi pensado para ser lido no mesmo ritmo. No Guia a autora best-seller Dannah Gresh apresenta tr\u00eas cap\u00edtulos voltados para as m\u00e3es, al\u00e9m de v\u00e1rios recursos que a ajudar\u00e3o a conversar sobre a verdade do evangelho: sugest\u00f5es de ora\u00e7\u00e3o, temas para conversa ao final de cada cap\u00edtulo, estudos de caso, dados de pesquisas, tend\u00eancias culturais, al\u00e9m, \u00e9 claro, de encorajamento b\u00edblico.<\/p>\n","protected":false},"excerpt":{"rendered":"<p>M\u00c3ES E FILHAS UNIDAS PARA IDENTIFICAR AS MENTIRAS QUE PRECISAM COMBATER COM A VERDADE! As mentiras do mundo est\u00e3o em&hellip;<\/p>\n","protected":false},"featured_media":345017,"comment_status":"open","ping_status":"closed","template":"","meta":[],"product_cat":[178,134],"product_tag":[],"_links":{"self":[{"href":"https:\/\/www.livrariarema.com.br\/loja\/wp-json\/wp\/v2\/product\/75515"}],"collection":[{"href":"https:\/\/www.livrariarema.com.br\/loja\/wp-json\/wp\/v2\/product"}],"about":[{"href":"https:\/\/www.livrariarema.com.br\/loja\/wp-json\/wp\/v2\/types\/product"}],"replies":[{"embeddable":true,"href":"https:\/\/www.livrariarema.com.br\/loja\/wp-json\/wp\/v2\/comments?post=75515"}],"wp:featuredmedia":[{"embeddable":true,"href":"https:\/\/www.livrariarema.com.br\/loja\/wp-json\/wp\/v2\/media\/345017"}],"wp:attachment":[{"href":"https:\/\/www.livrariarema.com.br\/loja\/wp-json\/wp\/v2\/media?parent=75515"}],"wp:term":[{"taxonomy":"product_cat","embeddable":true,"href":"https:\/\/www.livrariarema.com.br\/loja\/wp-json\/wp\/v2\/product_cat?post=75515"},{"taxonomy":"product_tag","embeddable":true,"href":"https:\/\/www.livrariarema.com.br\/loja\/wp-json\/wp\/v2\/product_tag?post=75515"}],"curies":[{"name":"wp","href":"https:\/\/api.w.org\/{rel}","templated":true}]}}