{"id":75517,"date":"2021-04-13T12:15:56","date_gmt":"2021-04-13T15:15:56","guid":{"rendered":"https:\/\/www.livrariarema.com.br\/loja\/produtos\/sem%20categoria\/aconselhamento-a-partir-da-cruz-elyse-m-fitzpatrick-e-dennis-e-johnson\/"},"modified":"2026-02-20T12:52:09","modified_gmt":"2026-02-20T15:52:09","slug":"aconselhamento-a-partir-da-cruz-elyse-m-fitzpatrick-e-dennis-e-johnson","status":"publish","type":"product","link":"https:\/\/www.livrariarema.com.br\/loja\/produtos\/livros\/lideranca\/aconselhamento-a-partir-da-cruz-elyse-m-fitzpatrick-e-dennis-e-johnson\/","title":{"rendered":"Aconselhamento A Partir Da Cruz &#8211; Elyse M. Fitzpatrick E Dennis E. Johnson"},"content":{"rendered":"<p>Para ajudar as igrejas a ministrar a pessoas dilaceradas e feridas, os autores de Aconselhamento a partir da cruz apresentam a conselheiros e crist\u00e3os comuns um modelo baseado na Escritura e capacitado pela obra do maravilhoso Conselheiro, Jesus Cristo. Por meio de uma exegese cuidadosa e estudos de caso de grande utilidade, eles demonstram de que maneira podemos oferecer aconselhamento sistematicamente b\u00edblico e centrado no evangelho, al\u00e9m de explicar por que isso \u00e9 importante.<\/p>\n<p>A bagagem dos dois autores &#8211; Elyse, formada em aconselhamento b\u00edblico, e Dennis, professor de teologia pr\u00e1tica &#8211; traz equil\u00edbrio a esta obra, tornando-a pertinente \u00e0queles que aconselham como parte do minist\u00e9rio pastoral e a todos os envolvidos em mentoria ou discipulado.<\/p>\n","protected":false},"excerpt":{"rendered":"<p>Para ajudar as igrejas a ministrar a pessoas dilaceradas e feridas, os autores de Aconselhamento a partir da cruz apresentam&hellip;<\/p>\n","protected":false},"featured_media":344926,"comment_status":"open","ping_status":"closed","template":"","meta":[],"product_cat":[153,134],"product_tag":[],"_links":{"self":[{"href":"https:\/\/www.livrariarema.com.br\/loja\/wp-json\/wp\/v2\/product\/75517"}],"collection":[{"href":"https:\/\/www.livrariarema.com.br\/loja\/wp-json\/wp\/v2\/product"}],"about":[{"href":"https:\/\/www.livrariarema.com.br\/loja\/wp-json\/wp\/v2\/types\/product"}],"replies":[{"embeddable":true,"href":"https:\/\/www.livrariarema.com.br\/loja\/wp-json\/wp\/v2\/comments?post=75517"}],"wp:featuredmedia":[{"embeddable":true,"href":"https:\/\/www.livrariarema.com.br\/loja\/wp-json\/wp\/v2\/media\/344926"}],"wp:attachment":[{"href":"https:\/\/www.livrariarema.com.br\/loja\/wp-json\/wp\/v2\/media?parent=75517"}],"wp:term":[{"taxonomy":"product_cat","embeddable":true,"href":"https:\/\/www.livrariarema.com.br\/loja\/wp-json\/wp\/v2\/product_cat?post=75517"},{"taxonomy":"product_tag","embeddable":true,"href":"https:\/\/www.livrariarema.com.br\/loja\/wp-json\/wp\/v2\/product_tag?post=75517"}],"curies":[{"name":"wp","href":"https:\/\/api.w.org\/{rel}","templated":true}]}}