{"id":75613,"date":"2021-04-13T15:23:32","date_gmt":"2021-04-13T18:23:32","guid":{"rendered":"https:\/\/www.livrariarema.com.br\/loja\/produtos\/sem%20categoria\/vendo-cristo-no-novo-testamento-vol-2-stephen-kaung\/"},"modified":"2026-05-06T12:02:19","modified_gmt":"2026-05-06T15:02:19","slug":"vendo-cristo-no-novo-testamento-vol-2-stephen-kaung","status":"publish","type":"product","link":"https:\/\/www.livrariarema.com.br\/loja\/produtos\/livros\/estudo-biblico\/vendo-cristo-no-novo-testamento-vol-2-stephen-kaung\/","title":{"rendered":"Vendo Cristo No Novo Testamento Vol. 2 &#8211; Stephen Kaung"},"content":{"rendered":"<p>Ao longo de um per\u00edodo de aproximadamente tr\u00eas anos, come\u00e7ando em meados de 1983, Stephen Kaung compartilhou a s\u00e9rie de mensagens transcritas nas p\u00e1ginas de seis volumes.<\/p>\n<p>A s\u00e9rie, intitulada em portugu\u00eas Vendo Cristo no Novo Testamento, foi dividida em seis volumes iniciando com o Evangelho de Mateus e concluindo com o livro de Apocalipse.<\/p>\n<p>No volume 2, temos o seguinte:<\/p>\n<p>Em Romanos vemos Cristo nas boas novas do Evangelho;<br \/>\nEm 1 Cor\u00edntios vemos Cristo nos problemas;<br \/>\nEm 2 Cor\u00edntios vemos Cristo na espiritualidade; e<br \/>\nEm G\u00e1latas vemos Cristo por meio dos erros.<\/p>\n<p>O encargo do irm\u00e3o Kaung foi mostrar de maneira profunda, mas ao mesmo tempo clara e devocional, que o tema central de tudo e de todas as eras, assim como de toda a B\u00edblia, \u00e9 a Pessoa amada do nosso Senhor Jesus Cristo.<\/p>\n","protected":false},"excerpt":{"rendered":"<p>Ao longo de um per\u00edodo de aproximadamente tr\u00eas anos, come\u00e7ando em meados de 1983, Stephen Kaung compartilhou a s\u00e9rie de&hellip;<\/p>\n","protected":false},"featured_media":347918,"comment_status":"open","ping_status":"closed","template":"","meta":[],"product_cat":[161,134],"product_tag":[],"_links":{"self":[{"href":"https:\/\/www.livrariarema.com.br\/loja\/wp-json\/wp\/v2\/product\/75613"}],"collection":[{"href":"https:\/\/www.livrariarema.com.br\/loja\/wp-json\/wp\/v2\/product"}],"about":[{"href":"https:\/\/www.livrariarema.com.br\/loja\/wp-json\/wp\/v2\/types\/product"}],"replies":[{"embeddable":true,"href":"https:\/\/www.livrariarema.com.br\/loja\/wp-json\/wp\/v2\/comments?post=75613"}],"wp:featuredmedia":[{"embeddable":true,"href":"https:\/\/www.livrariarema.com.br\/loja\/wp-json\/wp\/v2\/media\/347918"}],"wp:attachment":[{"href":"https:\/\/www.livrariarema.com.br\/loja\/wp-json\/wp\/v2\/media?parent=75613"}],"wp:term":[{"taxonomy":"product_cat","embeddable":true,"href":"https:\/\/www.livrariarema.com.br\/loja\/wp-json\/wp\/v2\/product_cat?post=75613"},{"taxonomy":"product_tag","embeddable":true,"href":"https:\/\/www.livrariarema.com.br\/loja\/wp-json\/wp\/v2\/product_tag?post=75613"}],"curies":[{"name":"wp","href":"https:\/\/api.w.org\/{rel}","templated":true}]}}