{"id":76704,"date":"2021-04-19T14:47:27","date_gmt":"2021-04-19T17:47:27","guid":{"rendered":"https:\/\/www.livrariarema.com.br\/loja\/produtos\/sem%20categoria\/comentarios-expositivos-genesis-hernandes-dias-lopes\/"},"modified":"2026-03-13T16:18:33","modified_gmt":"2026-03-13T19:18:33","slug":"comentarios-expositivos-genesis-hernandes-dias-lopes","status":"publish","type":"product","link":"https:\/\/www.livrariarema.com.br\/loja\/produtos\/livros\/comentario-biblico\/comentarios-expositivos-genesis-hernandes-dias-lopes\/","title":{"rendered":"Coment\u00e1rios Expositivos &#8211; G\u00eanesis &#8211; Hernandes Dias Lopes"},"content":{"rendered":"<p>G\u00caNESIS n\u00e3o \u00e9 apenas o primeiro livro da B\u00edblia, mas tamb\u00e9m a chave hermen\u00eautica para a compreens\u00e3o dos outros 65 livros inspirados. Sem G\u00eanesis n\u00e3o se poderia entender a origem do universo, do homem e da mulher, do casamento, da fam\u00edlia, do pecado, da reden\u00e7\u00e3o, da na\u00e7\u00e3o de Israel, das na\u00e7\u00f5es gent\u00edlicas e da salva\u00e7\u00e3o pela gra\u00e7a.<\/p>\n<p>Estudar o primeiro livro da B\u00edblia \u00e9 tomar um banho de hist\u00f3ria, \u00e9 penetrar nas riquezas insond\u00e1veis do evangelho de Cristo. Em G\u00eanesis encontram-se as sementes das grandes doutrinas expostas nos demais livros das Escrituras, que formam o alicerce do edif\u00edcio da revela\u00e7\u00e3o b\u00edblica.<\/p>\n<p>Este livro enriquecer\u00e1 seu conhecimento, iluminar\u00e1 seus olhos, in&#64258;amar\u00e1 seu cora\u00e7\u00e3o e despertar\u00e1 em voc\u00ea o desejo de viver pela f\u00e9 naquele que \u00e9 o arquiteto e edi&#64257;cador do universo e da nossa vida.<\/p>\n","protected":false},"excerpt":{"rendered":"<p>G\u00caNESIS n\u00e3o \u00e9 apenas o primeiro livro da B\u00edblia, mas tamb\u00e9m a chave hermen\u00eautica para a compreens\u00e3o dos outros 65&hellip;<\/p>\n","protected":false},"featured_media":346056,"comment_status":"open","ping_status":"closed","template":"","meta":[],"product_cat":[164,134],"product_tag":[],"_links":{"self":[{"href":"https:\/\/www.livrariarema.com.br\/loja\/wp-json\/wp\/v2\/product\/76704"}],"collection":[{"href":"https:\/\/www.livrariarema.com.br\/loja\/wp-json\/wp\/v2\/product"}],"about":[{"href":"https:\/\/www.livrariarema.com.br\/loja\/wp-json\/wp\/v2\/types\/product"}],"replies":[{"embeddable":true,"href":"https:\/\/www.livrariarema.com.br\/loja\/wp-json\/wp\/v2\/comments?post=76704"}],"wp:featuredmedia":[{"embeddable":true,"href":"https:\/\/www.livrariarema.com.br\/loja\/wp-json\/wp\/v2\/media\/346056"}],"wp:attachment":[{"href":"https:\/\/www.livrariarema.com.br\/loja\/wp-json\/wp\/v2\/media?parent=76704"}],"wp:term":[{"taxonomy":"product_cat","embeddable":true,"href":"https:\/\/www.livrariarema.com.br\/loja\/wp-json\/wp\/v2\/product_cat?post=76704"},{"taxonomy":"product_tag","embeddable":true,"href":"https:\/\/www.livrariarema.com.br\/loja\/wp-json\/wp\/v2\/product_tag?post=76704"}],"curies":[{"name":"wp","href":"https:\/\/api.w.org\/{rel}","templated":true}]}}