{"id":78277,"date":"2021-04-28T10:34:48","date_gmt":"2021-04-28T13:34:48","guid":{"rendered":"https:\/\/www.livrariarema.com.br\/loja\/produtos\/sem%20categoria\/confiando-em-deus-dia-a-dia-joyce-meyer\/"},"modified":"2026-03-02T16:51:35","modified_gmt":"2026-03-02T19:51:35","slug":"confiando-em-deus-dia-a-dia-joyce-meyer","status":"publish","type":"product","link":"https:\/\/www.livrariarema.com.br\/loja\/produtos\/livros\/devocional\/confiando-em-deus-dia-a-dia-joyce-meyer\/","title":{"rendered":"Confiando Em Deus Dia A Dia &#8211; Joyce Meyer"},"content":{"rendered":"<p>O Livro Confiando Em Deus Dia A Dia  Joyce Meyer<Br><br \/>\n<Br><br \/>\n&#8220;Como voc\u00ea se sente acerca da sua vida? Voc\u00ea gosta dela, ama-a e a valoriza, ou voc\u00ea a odeia e gostaria de ter uma vida diferente da que tem? Voc\u00ea olha para as outras pessoas e para a vida delas e gostaria de ser elas e de ter a vida que elas t\u00eam? Que ter a apar\u00eancia delas, possuir o que elas possuem, ter a carreira ou a fam\u00edlia delas? Ou voc\u00ea est\u00e1 feliz com a vida que Deus lhe deu? Na B\u00edblia, querer o que os outros t\u00eam \u00e9 chamado de cobi\u00e7a [&#8230;]&#8221; (A autora)<Br><br \/>\n<Br><br \/>\nAprenda a confiar mais em Deus dia a dia. Se voc\u00ea trilhar esse caminho e confiar em Deus quando chegarem as prova\u00e7\u00f5es, sejam elas, emocionais, f\u00edsicas, financeiras, voc\u00ea ter\u00e1 a paz de que precisa para vencer. N\u00e3o \u00e9 f\u00e1cil, mas em Deus somos mais que vencedores, basta nos dispormos em Sua presen\u00e7a e Sua palavra!<Br><br \/>\n<Br><br \/>\nS\u00e3o 365 devocionais preparados por Joyce Meyer!<Br><br \/>\n<Br><br \/>\nAproveite. Boa Leitura!<\/p>\n","protected":false},"excerpt":{"rendered":"<p>O Livro Confiando Em Deus Dia A Dia Joyce Meyer &#8220;Como voc\u00ea se sente acerca da sua vida? Voc\u00ea gosta&hellip;<\/p>\n","protected":false},"featured_media":342820,"comment_status":"open","ping_status":"closed","template":"","meta":[],"product_cat":[158,134],"product_tag":[],"_links":{"self":[{"href":"https:\/\/www.livrariarema.com.br\/loja\/wp-json\/wp\/v2\/product\/78277"}],"collection":[{"href":"https:\/\/www.livrariarema.com.br\/loja\/wp-json\/wp\/v2\/product"}],"about":[{"href":"https:\/\/www.livrariarema.com.br\/loja\/wp-json\/wp\/v2\/types\/product"}],"replies":[{"embeddable":true,"href":"https:\/\/www.livrariarema.com.br\/loja\/wp-json\/wp\/v2\/comments?post=78277"}],"wp:featuredmedia":[{"embeddable":true,"href":"https:\/\/www.livrariarema.com.br\/loja\/wp-json\/wp\/v2\/media\/342820"}],"wp:attachment":[{"href":"https:\/\/www.livrariarema.com.br\/loja\/wp-json\/wp\/v2\/media?parent=78277"}],"wp:term":[{"taxonomy":"product_cat","embeddable":true,"href":"https:\/\/www.livrariarema.com.br\/loja\/wp-json\/wp\/v2\/product_cat?post=78277"},{"taxonomy":"product_tag","embeddable":true,"href":"https:\/\/www.livrariarema.com.br\/loja\/wp-json\/wp\/v2\/product_tag?post=78277"}],"curies":[{"name":"wp","href":"https:\/\/api.w.org\/{rel}","templated":true}]}}