{"id":81274,"date":"2021-05-14T16:20:36","date_gmt":"2021-05-14T19:20:36","guid":{"rendered":"https:\/\/www.livrariarema.com.br\/loja\/produtos\/sem%20categoria\/mananciais-no-deserto-lettie-cowman-azul\/"},"modified":"2026-03-02T12:50:15","modified_gmt":"2026-03-02T15:50:15","slug":"mananciais-no-deserto-lettie-cowman-azul","status":"publish","type":"product","link":"https:\/\/www.livrariarema.com.br\/loja\/produtos\/livros\/devocional\/mananciais-no-deserto-lettie-cowman-azul\/","title":{"rendered":"Mananciais No Deserto &#8211; Lettie Cowman &#8211; Azul"},"content":{"rendered":"<p>Mananciais no Deserto oferece a voc\u00ea \u00e1gua pura, cristalina, refrescante, em doses di\u00e1rias para saciar sua sede e fortalecer seu cora\u00e7\u00e3o. Suas mensagens trazem alento, esperan\u00e7a, orienta\u00e7\u00e3o pr\u00e1tica e respostas que nos ajudam a ver o amor de Deus presente, mesmo nas circunst\u00e2ncias dif\u00edceis. S\u00e3o 366 medita\u00e7\u00f5es breves, sempre acompanhadas de uma passagem b\u00edblica, para cada dia do ano.<\/p>\n","protected":false},"excerpt":{"rendered":"<p>Mananciais no Deserto oferece a voc\u00ea \u00e1gua pura, cristalina, refrescante, em doses di\u00e1rias para saciar sua sede e fortalecer seu&hellip;<\/p>\n","protected":false},"featured_media":341511,"comment_status":"open","ping_status":"closed","template":"","meta":[],"product_cat":[158,134],"product_tag":[],"_links":{"self":[{"href":"https:\/\/www.livrariarema.com.br\/loja\/wp-json\/wp\/v2\/product\/81274"}],"collection":[{"href":"https:\/\/www.livrariarema.com.br\/loja\/wp-json\/wp\/v2\/product"}],"about":[{"href":"https:\/\/www.livrariarema.com.br\/loja\/wp-json\/wp\/v2\/types\/product"}],"replies":[{"embeddable":true,"href":"https:\/\/www.livrariarema.com.br\/loja\/wp-json\/wp\/v2\/comments?post=81274"}],"wp:featuredmedia":[{"embeddable":true,"href":"https:\/\/www.livrariarema.com.br\/loja\/wp-json\/wp\/v2\/media\/341511"}],"wp:attachment":[{"href":"https:\/\/www.livrariarema.com.br\/loja\/wp-json\/wp\/v2\/media?parent=81274"}],"wp:term":[{"taxonomy":"product_cat","embeddable":true,"href":"https:\/\/www.livrariarema.com.br\/loja\/wp-json\/wp\/v2\/product_cat?post=81274"},{"taxonomy":"product_tag","embeddable":true,"href":"https:\/\/www.livrariarema.com.br\/loja\/wp-json\/wp\/v2\/product_tag?post=81274"}],"curies":[{"name":"wp","href":"https:\/\/api.w.org\/{rel}","templated":true}]}}