{"id":81279,"date":"2021-05-14T16:20:57","date_gmt":"2021-05-14T19:20:57","guid":{"rendered":"https:\/\/www.livrariarema.com.br\/loja\/produtos\/sem%20categoria\/queres-ser-curado-marcelo-aguiar\/"},"modified":"2025-05-09T13:16:12","modified_gmt":"2025-05-09T16:16:12","slug":"queres-ser-curado-marcelo-aguiar","status":"publish","type":"product","link":"https:\/\/www.livrariarema.com.br\/loja\/produtos\/livros\/cura-libertacao\/queres-ser-curado-marcelo-aguiar\/","title":{"rendered":"Queres Ser Curado? &#8211; Marcelo Aguiar"},"content":{"rendered":"<p>Muitas pessoas est\u00e3o buscando ajuda profissional para conseguir vencer suas crises interiores. Outras tantas encontram-se \u00e0 merc\u00ea dos pr\u00f3prios sentimentos, e acabam mergulhando na depress\u00e3o e na amargura, tornando-se tensas, isolando-se do conv\u00edvio com outras pessoas, sentindo-se inadequadas para lidar com as demandas do dia a dia. Este livro traz uma excelente not\u00edcia para todos aqueles que est\u00e3o sofrendo: a cura est\u00e1 ao seu alcance! Marcelo Aguiar, pastor, psic\u00f3logo cl\u00ednico e autor de v\u00e1rios livros, apresenta princ\u00edpios da Palavra de Deus que trazem esperan\u00e7a para quem necessita de cura interior para si mesmo ou para algu\u00e9m do seu conv\u00edvio.<\/p>\n","protected":false},"excerpt":{"rendered":"<p>Muitas pessoas est\u00e3o buscando ajuda profissional para conseguir vencer suas crises interiores. Outras tantas encontram-se \u00e0 merc\u00ea dos pr\u00f3prios sentimentos,&hellip;<\/p>\n","protected":false},"featured_media":0,"comment_status":"open","ping_status":"closed","template":"","meta":[],"product_cat":[157,134],"product_tag":[],"_links":{"self":[{"href":"https:\/\/www.livrariarema.com.br\/loja\/wp-json\/wp\/v2\/product\/81279"}],"collection":[{"href":"https:\/\/www.livrariarema.com.br\/loja\/wp-json\/wp\/v2\/product"}],"about":[{"href":"https:\/\/www.livrariarema.com.br\/loja\/wp-json\/wp\/v2\/types\/product"}],"replies":[{"embeddable":true,"href":"https:\/\/www.livrariarema.com.br\/loja\/wp-json\/wp\/v2\/comments?post=81279"}],"wp:attachment":[{"href":"https:\/\/www.livrariarema.com.br\/loja\/wp-json\/wp\/v2\/media?parent=81279"}],"wp:term":[{"taxonomy":"product_cat","embeddable":true,"href":"https:\/\/www.livrariarema.com.br\/loja\/wp-json\/wp\/v2\/product_cat?post=81279"},{"taxonomy":"product_tag","embeddable":true,"href":"https:\/\/www.livrariarema.com.br\/loja\/wp-json\/wp\/v2\/product_tag?post=81279"}],"curies":[{"name":"wp","href":"https:\/\/api.w.org\/{rel}","templated":true}]}}