{"id":81281,"date":"2021-05-14T16:21:02","date_gmt":"2021-05-14T19:21:02","guid":{"rendered":"https:\/\/www.livrariarema.com.br\/loja\/produtos\/sem%20categoria\/batalha-espiritual-para-todo-cristao-dean-sherman-e-bill-payne\/"},"modified":"2025-11-24T17:42:28","modified_gmt":"2025-11-24T20:42:28","slug":"batalha-espiritual-para-todo-cristao-dean-sherman-e-bill-payne","status":"publish","type":"product","link":"https:\/\/www.livrariarema.com.br\/loja\/produtos\/livros\/batalha-espiritual\/batalha-espiritual-para-todo-cristao-dean-sherman-e-bill-payne\/","title":{"rendered":"Batalha Espiritual Para Todo Crist\u00e3o &#8211; Dean Sherman E Bill Payne"},"content":{"rendered":"<p>N\u00f3s, crist\u00e3os, vivemos em uma guerra espiritual. A guerra espiritual n\u00e3o \u00e9 apenas um aspecto da vida crist\u00e3; \u00e9 toda ela. E ser crist\u00e3o \u00e9 ser um soldado dessa guerra, pois Deus nos delegou essa responsabilidade. Todos n\u00f3s somos convocados a participar dessa guerra, e temos de aprender a guerrear. Vencer o mundo e recha\u00e7ar as for\u00e7as do mal que atuam em toda parte. Essa \u00e9 a convoca\u00e7\u00e3o de Deus para todo seguidor de Jesus Cristo. Com certeza, ou voc\u00ea \u00e9 um guerreiro, ou uma v\u00edtima nessa batalha que est\u00e1 se travando nos c\u00e9us e na terra. Mas n\u00e3o se ganha essa peleja no grito, como pensam alguns, ou no peito e na ra\u00e7a. S\u00f3 vencem as pessoas equipadas com as armas de Deus e revestidas com a armadura de Deus. Nessa luta sem tr\u00e9guas, est\u00e3o em jogo a alma, a mente, o corpo, a fam\u00edlia, a igreja, as cidades e as na\u00e7\u00f5es. O autor nos mostra como podemos ter vit\u00f3ria nesta terr\u00edvel guerra: ter Cristo ao nosso lado.<\/p>\n","protected":false},"excerpt":{"rendered":"<p>N\u00f3s, crist\u00e3os, vivemos em uma guerra espiritual. A guerra espiritual n\u00e3o \u00e9 apenas um aspecto da vida crist\u00e3; \u00e9 toda&hellip;<\/p>\n","protected":false},"featured_media":330855,"comment_status":"open","ping_status":"closed","template":"","meta":[],"product_cat":[135,134],"product_tag":[],"_links":{"self":[{"href":"https:\/\/www.livrariarema.com.br\/loja\/wp-json\/wp\/v2\/product\/81281"}],"collection":[{"href":"https:\/\/www.livrariarema.com.br\/loja\/wp-json\/wp\/v2\/product"}],"about":[{"href":"https:\/\/www.livrariarema.com.br\/loja\/wp-json\/wp\/v2\/types\/product"}],"replies":[{"embeddable":true,"href":"https:\/\/www.livrariarema.com.br\/loja\/wp-json\/wp\/v2\/comments?post=81281"}],"wp:featuredmedia":[{"embeddable":true,"href":"https:\/\/www.livrariarema.com.br\/loja\/wp-json\/wp\/v2\/media\/330855"}],"wp:attachment":[{"href":"https:\/\/www.livrariarema.com.br\/loja\/wp-json\/wp\/v2\/media?parent=81281"}],"wp:term":[{"taxonomy":"product_cat","embeddable":true,"href":"https:\/\/www.livrariarema.com.br\/loja\/wp-json\/wp\/v2\/product_cat?post=81281"},{"taxonomy":"product_tag","embeddable":true,"href":"https:\/\/www.livrariarema.com.br\/loja\/wp-json\/wp\/v2\/product_tag?post=81281"}],"curies":[{"name":"wp","href":"https:\/\/api.w.org\/{rel}","templated":true}]}}