{"id":82404,"date":"2021-05-24T10:32:43","date_gmt":"2021-05-24T13:32:43","guid":{"rendered":"https:\/\/www.livrariarema.com.br\/loja\/produtos\/sem%20categoria\/maravilhas-de-deus-as-herman-bavinck\/"},"modified":"2026-02-24T17:06:59","modified_gmt":"2026-02-24T20:06:59","slug":"maravilhas-de-deus-as-herman-bavinck","status":"publish","type":"product","link":"https:\/\/www.livrariarema.com.br\/loja\/produtos\/promocao\/livros-promocao\/maravilhas-de-deus-as-herman-bavinck\/","title":{"rendered":"Maravilhas De Deus, As &#8211; Herman Bavinck"},"content":{"rendered":"<p>Herman Bavinck, um dos principais te\u00f3logos reformados da hist\u00f3ria, escreveu uma teologia sistem\u00e1tica de quatro volumes, a Dogm\u00e1tica Reformada, voltada para a academia. <br \/>\nAnos depois, o grande pensador holand\u00eas resolveu escrever uma obra mais acess\u00edvel para que todo crist\u00e3o pudesse se familiarizar com as doutrinas centrais da sua f\u00e9, ou seja, conhecer, como o t\u00edtulo diz, as maravilhas de Deus.<br \/>\nA obra \u00e9 considerada por muitos a melhor teologia sistem\u00e1tica reformada de um s\u00f3 volume. Tratando de temas que v\u00e3o desde a revela\u00e7\u00e3o de Deus at\u00e9 a vida eterna, o autor consegue, de forma clara e envolvente, harmonizar exposi\u00e7\u00e3o b\u00edblica, clareza argumentativa, exorta\u00e7\u00e3o pastoral e, acima de tudo, um deslumbramento doxol\u00f3gico com o Deus trino e suas obras. <br \/>\nSeja para introduzir a teologia reformada, seja para solidificar o conhecimento a respeito dela, esta obra n\u00e3o pode ser ignorada pelo estudante s\u00e9rio das Escrituras.<\/p>\n","protected":false},"excerpt":{"rendered":"<p>Herman Bavinck, um dos principais te\u00f3logos reformados da hist\u00f3ria, escreveu uma teologia sistem\u00e1tica de quatro volumes, a Dogm\u00e1tica Reformada, voltada&hellip;<\/p>\n","protected":false},"featured_media":345382,"comment_status":"open","ping_status":"closed","template":"","meta":[],"product_cat":[143,142],"product_tag":[],"_links":{"self":[{"href":"https:\/\/www.livrariarema.com.br\/loja\/wp-json\/wp\/v2\/product\/82404"}],"collection":[{"href":"https:\/\/www.livrariarema.com.br\/loja\/wp-json\/wp\/v2\/product"}],"about":[{"href":"https:\/\/www.livrariarema.com.br\/loja\/wp-json\/wp\/v2\/types\/product"}],"replies":[{"embeddable":true,"href":"https:\/\/www.livrariarema.com.br\/loja\/wp-json\/wp\/v2\/comments?post=82404"}],"wp:featuredmedia":[{"embeddable":true,"href":"https:\/\/www.livrariarema.com.br\/loja\/wp-json\/wp\/v2\/media\/345382"}],"wp:attachment":[{"href":"https:\/\/www.livrariarema.com.br\/loja\/wp-json\/wp\/v2\/media?parent=82404"}],"wp:term":[{"taxonomy":"product_cat","embeddable":true,"href":"https:\/\/www.livrariarema.com.br\/loja\/wp-json\/wp\/v2\/product_cat?post=82404"},{"taxonomy":"product_tag","embeddable":true,"href":"https:\/\/www.livrariarema.com.br\/loja\/wp-json\/wp\/v2\/product_tag?post=82404"}],"curies":[{"name":"wp","href":"https:\/\/api.w.org\/{rel}","templated":true}]}}