{"id":82460,"date":"2021-05-24T10:35:24","date_gmt":"2021-05-24T13:35:24","guid":{"rendered":"https:\/\/www.livrariarema.com.br\/loja\/produtos\/sem%20categoria\/cartas-de-c-s-lewis-c-s-lewis\/"},"modified":"2026-02-24T17:06:52","modified_gmt":"2026-02-24T20:06:52","slug":"cartas-de-c-s-lewis-c-s-lewis","status":"publish","type":"product","link":"https:\/\/www.livrariarema.com.br\/loja\/produtos\/promocao\/livros-promocao\/cartas-de-c-s-lewis-c-s-lewis\/","title":{"rendered":"Cartas De C.S. Lewis &#8211; C. S. Lewis"},"content":{"rendered":"<p>Durante d\u00e9cadas, a vida e a mente de C.S. Lewis t\u00eam fascinado aqueles que leem seus escritos. Prol\u00edfico escritor e pensador, sua correspond\u00eancia pessoal revela muito sobre a sua vida privada, suas reflex\u00f5es, amizades e sentimentos. Nesta colet\u00e2nea organizada por Walter Hooper, \u00e9 poss\u00edvel conhecer os caminhos percorridos pelo escritor atrav\u00e9s das cartas enviadas por ele para seus familiares e amigos, dentre eles, personalidades como J.R.R. Tolkien e Dorothy L. Sayers., As cartas, organizadas em ordem cronol\u00f3gica, tratam dos diversos interesses do escritor, passando pela teologia, cr\u00edtica liter\u00e1ria, poesia, fantasia e hist\u00f3as infantis. A partir delas \u00e9 poss\u00edvel acompanhar o amadurecimento de Lewis, desde seus anos no ex\u00e9rcito, passando pela vida acad\u00eamica em Oxford, seus primeiros passos na f\u00e9 crist\u00e3 e os anos de escrita de algumas de suas maiores obras.<\/p>\n","protected":false},"excerpt":{"rendered":"<p>Durante d\u00e9cadas, a vida e a mente de C.S. Lewis t\u00eam fascinado aqueles que leem seus escritos. Prol\u00edfico escritor e&hellip;<\/p>\n","protected":false},"featured_media":345381,"comment_status":"open","ping_status":"closed","template":"","meta":[],"product_cat":[143,142],"product_tag":[],"_links":{"self":[{"href":"https:\/\/www.livrariarema.com.br\/loja\/wp-json\/wp\/v2\/product\/82460"}],"collection":[{"href":"https:\/\/www.livrariarema.com.br\/loja\/wp-json\/wp\/v2\/product"}],"about":[{"href":"https:\/\/www.livrariarema.com.br\/loja\/wp-json\/wp\/v2\/types\/product"}],"replies":[{"embeddable":true,"href":"https:\/\/www.livrariarema.com.br\/loja\/wp-json\/wp\/v2\/comments?post=82460"}],"wp:featuredmedia":[{"embeddable":true,"href":"https:\/\/www.livrariarema.com.br\/loja\/wp-json\/wp\/v2\/media\/345381"}],"wp:attachment":[{"href":"https:\/\/www.livrariarema.com.br\/loja\/wp-json\/wp\/v2\/media?parent=82460"}],"wp:term":[{"taxonomy":"product_cat","embeddable":true,"href":"https:\/\/www.livrariarema.com.br\/loja\/wp-json\/wp\/v2\/product_cat?post=82460"},{"taxonomy":"product_tag","embeddable":true,"href":"https:\/\/www.livrariarema.com.br\/loja\/wp-json\/wp\/v2\/product_tag?post=82460"}],"curies":[{"name":"wp","href":"https:\/\/api.w.org\/{rel}","templated":true}]}}