{"id":82813,"date":"2021-05-24T18:29:27","date_gmt":"2021-05-24T21:29:27","guid":{"rendered":"https:\/\/www.livrariarema.com.br\/loja\/produtos\/sem%20categoria\/arc065bpap-biblia-da-pregadora-pentecostal-beira-flor-com-indice\/"},"modified":"2025-11-01T13:00:37","modified_gmt":"2025-11-01T16:00:37","slug":"arc065bpap-biblia-da-pregadora-pentecostal-beira-flor-com-indice","status":"publish","type":"product","link":"https:\/\/www.livrariarema.com.br\/loja\/produtos\/biblias\/estudo-feminina\/arc065bpap-biblia-da-pregadora-pentecostal-beira-flor-com-indice\/","title":{"rendered":"Arc065bpap &#8211; B\u00edblia Da Pregadora Pentecostal &#8211; Beira Flor &#8211; Pequena"},"content":{"rendered":"<p>Vers\u00e3o feminina da B\u00edblia do Pregador Pentecostal, esta \u00e9 uma ferramenta indispens\u00e1vel para o exerc\u00edcio do minist\u00e9rio da mulher crist\u00e3. <br \/>\nAl\u00e9m de todos os recursos contidos na consagrada obra, a B\u00edblia da Pregadora Pentecostal vem com um encarte especial que cita as mulheres de cada livro da B\u00edblia, quem elas foram, o que fizeram e suas influ\u00eancias, com refer\u00eancia de onde encontrar suas hist\u00f3rias nas Escrituras Sagradas. <br \/>\nPara facilitar a busca, h\u00e1 duas listas uma com os nomes de A a Z e outra de mulheres an\u00f4nimas da B\u00edblia. A B\u00edblia da Pregadora Pentecostal cont\u00e9m 1.002 serm\u00f5es b\u00edblicos, junto ao texto b\u00edblico, que servem de aux\u00edlio e orienta\u00e7\u00e3o para prega\u00e7\u00f5es voltadas aos mais diversos p\u00fablicos e ocasi\u00f5es. Especialmente elaborados pelo te\u00f3logo e pastor Erivaldo de Jesus, os serm\u00f5es abordam cada um dos 66 livros da B\u00edblia, al\u00e9m de tratarem de temas para ministrar a Palavra de Deus em festividades de crian\u00e7as, jovens e adolescentes, de departamentos da igreja, conven\u00e7\u00f5es e reuni\u00f5es de pastoras, escolas b\u00edblicas e festividades em geral da Igreja. <br \/>\nCada serm\u00e3o \u00e9 subdividido em variados t\u00f3picos e refer\u00eancias b\u00edblicas acerca do tema abordado e possui os tr\u00eas elementos fundamentais do princ\u00edpio da homil\u00e9tica, que \u00e9 a arte de pregar: introdu\u00e7\u00e3o, explana\u00e7\u00e3o e conclus\u00e3o. A obra oferece, ainda, um curso b\u00e1sico de Teologia, composto de 12 mat\u00e9rias teol\u00f3gicas, que d\u00e1 uma no\u00e7\u00e3o do que \u00e9 Teologia e sua import\u00e2ncia para o crescimento espiritual, intelectual e b\u00edblico. <br \/>\nSobre o Pr. Erivaldo de Jesus: Autor de nove livros e com grande experi\u00eancia e conhecimento na \u00e1rea b\u00edblica, o Pr. Erivaldo de Jesus \u00e9 doutor em Teologia e ministro do Evangelho. Bacharel em Direito, \u00e9 professor de Teologia Sistem\u00e1tica e conferencista internacional. <br \/>\n\u00c9 pastor filiado \u00e0 Conven\u00e7\u00e3o Fraternal das Assembleias de Deus do Estado de S\u00e3o Paulo (Confradesp) e \u00e0 Conven\u00e7\u00e3o Geral das Assembleias de Deus no Brasil (CGADB).<\/p>\n","protected":false},"excerpt":{"rendered":"<p>Vers\u00e3o feminina da B\u00edblia do Pregador Pentecostal, esta \u00e9 uma ferramenta indispens\u00e1vel para o exerc\u00edcio do minist\u00e9rio da mulher crist\u00e3.&hellip;<\/p>\n","protected":false},"featured_media":336992,"comment_status":"open","ping_status":"closed","template":"","meta":[],"product_cat":[139,175],"product_tag":[],"_links":{"self":[{"href":"https:\/\/www.livrariarema.com.br\/loja\/wp-json\/wp\/v2\/product\/82813"}],"collection":[{"href":"https:\/\/www.livrariarema.com.br\/loja\/wp-json\/wp\/v2\/product"}],"about":[{"href":"https:\/\/www.livrariarema.com.br\/loja\/wp-json\/wp\/v2\/types\/product"}],"replies":[{"embeddable":true,"href":"https:\/\/www.livrariarema.com.br\/loja\/wp-json\/wp\/v2\/comments?post=82813"}],"wp:featuredmedia":[{"embeddable":true,"href":"https:\/\/www.livrariarema.com.br\/loja\/wp-json\/wp\/v2\/media\/336992"}],"wp:attachment":[{"href":"https:\/\/www.livrariarema.com.br\/loja\/wp-json\/wp\/v2\/media?parent=82813"}],"wp:term":[{"taxonomy":"product_cat","embeddable":true,"href":"https:\/\/www.livrariarema.com.br\/loja\/wp-json\/wp\/v2\/product_cat?post=82813"},{"taxonomy":"product_tag","embeddable":true,"href":"https:\/\/www.livrariarema.com.br\/loja\/wp-json\/wp\/v2\/product_tag?post=82813"}],"curies":[{"name":"wp","href":"https:\/\/api.w.org\/{rel}","templated":true}]}}