{"id":82853,"date":"2021-05-24T18:30:54","date_gmt":"2021-05-24T21:30:54","guid":{"rendered":"https:\/\/www.livrariarema.com.br\/loja\/produtos\/sem%20categoria\/bible-notes-carta-de-paulo-aos-romanos\/"},"modified":"2025-03-08T13:20:13","modified_gmt":"2025-03-08T16:20:13","slug":"bible-notes-carta-de-paulo-aos-romanos","status":"publish","type":"product","link":"https:\/\/www.livrariarema.com.br\/loja\/produtos\/biblias\/novo-testamento\/bible-notes-carta-de-paulo-aos-romanos\/","title":{"rendered":"Bible Notes &#8211; Carta De Paulo Aos Romanos"},"content":{"rendered":"<p>O Bible Notes \u00e9 uma cole\u00e7\u00e3o em fasc\u00edculos dos livros da B\u00edblia, que conta com um espa\u00e7o para voc\u00ea fazer anota\u00e7\u00f5es ou utilizar da forma que preferir. Al\u00e9m do texto b\u00edblico, cada livro vem com uma explica\u00e7\u00e3o pr\u00e9via, contendo: esquema de conte\u00fado, forma liter\u00e1ria e introdu\u00e7\u00f5es personalizadas, trazendo contexto hist\u00f3rico, autor, data e lugar em que foi escrito. Ent\u00e3o, mergulhe nessa experi\u00eancia de escrever a Palavra de Deus nas p\u00e1ginas da sua vida.<\/p>\n<p>Conte\u00fado:<br \/>\n&#8211; Texto B\u00edblico na vers\u00e3o Nova Almeida Atualizada (NAA)<br \/>\n&#8211; Conte\u00fado e mensagem<br \/>\n&#8211; Autor, data e lugar em que foi escrito<br \/>\n&#8211; Esquema do conte\u00fado<br \/>\n&#8211; Espa\u00e7o para anota\u00e7\u00e3o<\/p>\n","protected":false},"excerpt":{"rendered":"<p>O Bible Notes \u00e9 uma cole\u00e7\u00e3o em fasc\u00edculos dos livros da B\u00edblia, que conta com um espa\u00e7o para voc\u00ea fazer&hellip;<\/p>\n","protected":false},"featured_media":252565,"comment_status":"open","ping_status":"closed","template":"","meta":[],"product_cat":[139,224],"product_tag":[],"_links":{"self":[{"href":"https:\/\/www.livrariarema.com.br\/loja\/wp-json\/wp\/v2\/product\/82853"}],"collection":[{"href":"https:\/\/www.livrariarema.com.br\/loja\/wp-json\/wp\/v2\/product"}],"about":[{"href":"https:\/\/www.livrariarema.com.br\/loja\/wp-json\/wp\/v2\/types\/product"}],"replies":[{"embeddable":true,"href":"https:\/\/www.livrariarema.com.br\/loja\/wp-json\/wp\/v2\/comments?post=82853"}],"wp:featuredmedia":[{"embeddable":true,"href":"https:\/\/www.livrariarema.com.br\/loja\/wp-json\/wp\/v2\/media\/252565"}],"wp:attachment":[{"href":"https:\/\/www.livrariarema.com.br\/loja\/wp-json\/wp\/v2\/media?parent=82853"}],"wp:term":[{"taxonomy":"product_cat","embeddable":true,"href":"https:\/\/www.livrariarema.com.br\/loja\/wp-json\/wp\/v2\/product_cat?post=82853"},{"taxonomy":"product_tag","embeddable":true,"href":"https:\/\/www.livrariarema.com.br\/loja\/wp-json\/wp\/v2\/product_tag?post=82853"}],"curies":[{"name":"wp","href":"https:\/\/api.w.org\/{rel}","templated":true}]}}