{"id":84217,"date":"2021-06-02T11:46:50","date_gmt":"2021-06-02T14:46:50","guid":{"rendered":"https:\/\/www.livrariarema.com.br\/loja\/produtos\/sem%20categoria\/comentario-biblico-epistolas-paulinas-myer-pearlman-2\/"},"modified":"2025-07-01T12:21:30","modified_gmt":"2025-07-01T15:21:30","slug":"comentario-biblico-epistolas-paulinas-myer-pearlman-2","status":"publish","type":"product","link":"https:\/\/www.livrariarema.com.br\/loja\/produtos\/livros\/comentario-biblico\/comentario-biblico-epistolas-paulinas-myer-pearlman-2\/","title":{"rendered":"Coment\u00e1rio B\u00edblico &#8211; Ep\u00edstolas Paulinas &#8211; Myer Pearlman"},"content":{"rendered":"<p>Myer Pearlman, com a habilidade que lhe \u00e9 peculiar, faz um breve coment\u00e1rio das cartas escritas pelo ap\u00f3stolo Paulo aos Romanos, 1 e 2 Cor\u00edntios, G\u00e1latas, Ef\u00e9sios, Filipenses, Colossenses, 1 e 2 Tessalonicenses, 1 e 2 Tim\u00f3teo, Tito e Filemon. Ele aborda pontos-chave como o Plano da salva\u00e7\u00e3o, a Lei e a Gra\u00e7a, vida crist\u00e3 e outros.<\/p>\n","protected":false},"excerpt":{"rendered":"<p>Myer Pearlman, com a habilidade que lhe \u00e9 peculiar, faz um breve coment\u00e1rio das cartas escritas pelo ap\u00f3stolo Paulo aos&hellip;<\/p>\n","protected":false},"featured_media":332864,"comment_status":"open","ping_status":"closed","template":"","meta":[],"product_cat":[164,134],"product_tag":[],"_links":{"self":[{"href":"https:\/\/www.livrariarema.com.br\/loja\/wp-json\/wp\/v2\/product\/84217"}],"collection":[{"href":"https:\/\/www.livrariarema.com.br\/loja\/wp-json\/wp\/v2\/product"}],"about":[{"href":"https:\/\/www.livrariarema.com.br\/loja\/wp-json\/wp\/v2\/types\/product"}],"replies":[{"embeddable":true,"href":"https:\/\/www.livrariarema.com.br\/loja\/wp-json\/wp\/v2\/comments?post=84217"}],"wp:featuredmedia":[{"embeddable":true,"href":"https:\/\/www.livrariarema.com.br\/loja\/wp-json\/wp\/v2\/media\/332864"}],"wp:attachment":[{"href":"https:\/\/www.livrariarema.com.br\/loja\/wp-json\/wp\/v2\/media?parent=84217"}],"wp:term":[{"taxonomy":"product_cat","embeddable":true,"href":"https:\/\/www.livrariarema.com.br\/loja\/wp-json\/wp\/v2\/product_cat?post=84217"},{"taxonomy":"product_tag","embeddable":true,"href":"https:\/\/www.livrariarema.com.br\/loja\/wp-json\/wp\/v2\/product_tag?post=84217"}],"curies":[{"name":"wp","href":"https:\/\/api.w.org\/{rel}","templated":true}]}}