{"id":84221,"date":"2021-06-02T11:46:58","date_gmt":"2021-06-02T14:46:58","guid":{"rendered":"https:\/\/www.livrariarema.com.br\/loja\/produtos\/sem%20categoria\/comentario-biblico-salmos-myer-pearlman\/"},"modified":"2022-07-19T17:22:54","modified_gmt":"2022-07-19T20:22:54","slug":"comentario-biblico-salmos-myer-pearlman","status":"publish","type":"product","link":"https:\/\/www.livrariarema.com.br\/loja\/produtos\/livros\/comentario-biblico\/comentario-biblico-salmos-myer-pearlman\/","title":{"rendered":"Coment\u00e1rio B\u00edblico &#8211; Salmos &#8211; Myer Pearlman"},"content":{"rendered":"<p>Ao ler este livro, o leitor entender\u00e1 porque Davi e os demais salmistas tiveram tanto \u00eaxito em sua vida de ora\u00e7\u00e3o.<br \/>\n<br \/>\nEles eram simples, tinham in\u00fameras falhas e virtudes, mas conheciam o poder da ora\u00e7\u00e3o.<\/p>\n","protected":false},"excerpt":{"rendered":"<p>Ao ler este livro, o leitor entender\u00e1 porque Davi e os demais salmistas tiveram tanto \u00eaxito em sua vida de&hellip;<\/p>\n","protected":false},"featured_media":171335,"comment_status":"open","ping_status":"closed","template":"","meta":[],"product_cat":[164,134],"product_tag":[],"_links":{"self":[{"href":"https:\/\/www.livrariarema.com.br\/loja\/wp-json\/wp\/v2\/product\/84221"}],"collection":[{"href":"https:\/\/www.livrariarema.com.br\/loja\/wp-json\/wp\/v2\/product"}],"about":[{"href":"https:\/\/www.livrariarema.com.br\/loja\/wp-json\/wp\/v2\/types\/product"}],"replies":[{"embeddable":true,"href":"https:\/\/www.livrariarema.com.br\/loja\/wp-json\/wp\/v2\/comments?post=84221"}],"wp:featuredmedia":[{"embeddable":true,"href":"https:\/\/www.livrariarema.com.br\/loja\/wp-json\/wp\/v2\/media\/171335"}],"wp:attachment":[{"href":"https:\/\/www.livrariarema.com.br\/loja\/wp-json\/wp\/v2\/media?parent=84221"}],"wp:term":[{"taxonomy":"product_cat","embeddable":true,"href":"https:\/\/www.livrariarema.com.br\/loja\/wp-json\/wp\/v2\/product_cat?post=84221"},{"taxonomy":"product_tag","embeddable":true,"href":"https:\/\/www.livrariarema.com.br\/loja\/wp-json\/wp\/v2\/product_tag?post=84221"}],"curies":[{"name":"wp","href":"https:\/\/api.w.org\/{rel}","templated":true}]}}