{"id":84229,"date":"2021-06-02T11:47:15","date_gmt":"2021-06-02T14:47:15","guid":{"rendered":"https:\/\/www.livrariarema.com.br\/loja\/produtos\/sem%20categoria\/comentario-biblico-lucas-myer-pearlman\/"},"modified":"2025-07-01T12:22:43","modified_gmt":"2025-07-01T15:22:43","slug":"comentario-biblico-lucas-myer-pearlman","status":"publish","type":"product","link":"https:\/\/www.livrariarema.com.br\/loja\/produtos\/livros\/comentario-biblico\/comentario-biblico-lucas-myer-pearlman\/","title":{"rendered":"Coment\u00e1rio B\u00edblico &#8211; Lucas &#8211; Myer Pearlman"},"content":{"rendered":"<p>Neste livro, o leitor aprender\u00e1 com o autor por que Lucas foi levado a escrever o seu evangelho. Aprenda porque Lucas apresenta a Jesus como o Filho do Homem e que implica\u00e7\u00f5es isto traz para o plano da salva\u00e7\u00e3o. Descubra porque a genealogia de Lucas \u00e9 diferente da de Mateus. Livro impresso sob demanda<\/p>\n","protected":false},"excerpt":{"rendered":"<p>Neste livro, o leitor aprender\u00e1 com o autor por que Lucas foi levado a escrever o seu evangelho. Aprenda porque&hellip;<\/p>\n","protected":false},"featured_media":332870,"comment_status":"open","ping_status":"closed","template":"","meta":[],"product_cat":[164,134],"product_tag":[],"_links":{"self":[{"href":"https:\/\/www.livrariarema.com.br\/loja\/wp-json\/wp\/v2\/product\/84229"}],"collection":[{"href":"https:\/\/www.livrariarema.com.br\/loja\/wp-json\/wp\/v2\/product"}],"about":[{"href":"https:\/\/www.livrariarema.com.br\/loja\/wp-json\/wp\/v2\/types\/product"}],"replies":[{"embeddable":true,"href":"https:\/\/www.livrariarema.com.br\/loja\/wp-json\/wp\/v2\/comments?post=84229"}],"wp:featuredmedia":[{"embeddable":true,"href":"https:\/\/www.livrariarema.com.br\/loja\/wp-json\/wp\/v2\/media\/332870"}],"wp:attachment":[{"href":"https:\/\/www.livrariarema.com.br\/loja\/wp-json\/wp\/v2\/media?parent=84229"}],"wp:term":[{"taxonomy":"product_cat","embeddable":true,"href":"https:\/\/www.livrariarema.com.br\/loja\/wp-json\/wp\/v2\/product_cat?post=84229"},{"taxonomy":"product_tag","embeddable":true,"href":"https:\/\/www.livrariarema.com.br\/loja\/wp-json\/wp\/v2\/product_tag?post=84229"}],"curies":[{"name":"wp","href":"https:\/\/api.w.org\/{rel}","templated":true}]}}