{"id":84370,"date":"2021-06-02T14:57:32","date_gmt":"2021-06-02T17:57:32","guid":{"rendered":"https:\/\/www.livrariarema.com.br\/loja\/produtos\/sem%20categoria\/plano-de-deus-para-israel-em-meio-a-infidelidade-da-nacao-o-claiton-ivan-pommerening\/"},"modified":"2025-06-03T13:00:55","modified_gmt":"2025-06-03T16:00:55","slug":"plano-de-deus-para-israel-em-meio-a-infidelidade-da-nacao-o-claiton-ivan-pommerening","status":"publish","type":"product","link":"https:\/\/www.livrariarema.com.br\/loja\/produtos\/promocao\/livros-promocao\/plano-de-deus-para-israel-em-meio-a-infidelidade-da-nacao-o-claiton-ivan-pommerening\/","title":{"rendered":"Plano De Deus Para Israel Em Meio \u00c0 Infidelidade Da Na\u00e7\u00e3o, O &#8211; Claiton Ivan Pommerening"},"content":{"rendered":"<p>Nesta obra, Claiton Ivan Pommerening apresenta uma introdu\u00e7\u00e3o ao estudo dos livros de Reis. Nela, o autor alia o conte\u00fado b\u00edblico devocional ao conte\u00fado acad\u00eamico, criando um conte\u00fado leve e acess\u00edvel que ajudar\u00e1 o leitor a extrair ensinamentos riqu\u00edssimos para a vida di\u00e1ria.<\/p>\n","protected":false},"excerpt":{"rendered":"<p>Nesta obra, Claiton Ivan Pommerening apresenta uma introdu\u00e7\u00e3o ao estudo dos livros de Reis. Nela, o autor alia o conte\u00fado&hellip;<\/p>\n","protected":false},"featured_media":328147,"comment_status":"open","ping_status":"closed","template":"","meta":[],"product_cat":[143,142],"product_tag":[],"_links":{"self":[{"href":"https:\/\/www.livrariarema.com.br\/loja\/wp-json\/wp\/v2\/product\/84370"}],"collection":[{"href":"https:\/\/www.livrariarema.com.br\/loja\/wp-json\/wp\/v2\/product"}],"about":[{"href":"https:\/\/www.livrariarema.com.br\/loja\/wp-json\/wp\/v2\/types\/product"}],"replies":[{"embeddable":true,"href":"https:\/\/www.livrariarema.com.br\/loja\/wp-json\/wp\/v2\/comments?post=84370"}],"wp:featuredmedia":[{"embeddable":true,"href":"https:\/\/www.livrariarema.com.br\/loja\/wp-json\/wp\/v2\/media\/328147"}],"wp:attachment":[{"href":"https:\/\/www.livrariarema.com.br\/loja\/wp-json\/wp\/v2\/media?parent=84370"}],"wp:term":[{"taxonomy":"product_cat","embeddable":true,"href":"https:\/\/www.livrariarema.com.br\/loja\/wp-json\/wp\/v2\/product_cat?post=84370"},{"taxonomy":"product_tag","embeddable":true,"href":"https:\/\/www.livrariarema.com.br\/loja\/wp-json\/wp\/v2\/product_tag?post=84370"}],"curies":[{"name":"wp","href":"https:\/\/api.w.org\/{rel}","templated":true}]}}