{"id":84412,"date":"2021-06-02T16:26:08","date_gmt":"2021-06-02T19:26:08","guid":{"rendered":"https:\/\/www.livrariarema.com.br\/loja\/produtos\/sem%20categoria\/biblia-em-quadrinhos-vermelha-michael-pearl\/"},"modified":"2025-11-14T12:50:33","modified_gmt":"2025-11-14T15:50:33","slug":"biblia-em-quadrinhos-vermelha-michael-pearl","status":"publish","type":"product","link":"https:\/\/www.livrariarema.com.br\/loja\/produtos\/livros\/manga-hq\/biblia-em-quadrinhos-vermelha-michael-pearl\/","title":{"rendered":"B\u00edblia Em Quadrinhos &#8211; Vermelha &#8211; Michael Pearl"},"content":{"rendered":"<p>B\u00edblia em quadrinhos \u00e9 mais um arrojado lan\u00e7amento da GEOGR\u00c1FICA EDITORA voltado ao p\u00fablico jovem, mas que vai agradar em cheio a leitores de todas as idades. Depois do estrondoso sucesso de a B\u00edblia em a\u00e7\u00e3o, ficou claro que a universal linguagem dos quadrinhos \u00e9 excelente para transmitir a mensagem da Palavra de Deus de forma divertida, envolvente e eficaz. Com arte de ponta, roteiro muito bem elaborado e uma sele\u00e7\u00e3o das melhores hist\u00f3rias b\u00edblicas &#8211; como a Cria\u00e7\u00e3o, a saga do \u00caxodo, a trajet\u00f3ria do povo de Israel, o advento de Cristo, sua paix\u00e3o, morte e ressurrei\u00e7\u00e3o e o nascimento da Igreja -, a B\u00edblia em quadrinhos apaixona o leitor da primeira \u00e0 \u00faltima p\u00e1gina. Al\u00e9m do texto b\u00edblico adaptado, o conte\u00fado traz informa\u00e7\u00f5es hist\u00f3ricas e cronol\u00f3gicas sobre os principais epis\u00f3dios e personagens, bem como refer\u00eancias b\u00edblicas que v\u00e3o aprofundar o entendimento e fixar ainda mais o conhecimento das Sagradas Escrituras.<\/p>\n","protected":false},"excerpt":{"rendered":"<p>B\u00edblia em quadrinhos \u00e9 mais um arrojado lan\u00e7amento da GEOGR\u00c1FICA EDITORA voltado ao p\u00fablico jovem, mas que vai agradar em&hellip;<\/p>\n","protected":false},"featured_media":325974,"comment_status":"open","ping_status":"closed","template":"","meta":[],"product_cat":[134,189],"product_tag":[],"_links":{"self":[{"href":"https:\/\/www.livrariarema.com.br\/loja\/wp-json\/wp\/v2\/product\/84412"}],"collection":[{"href":"https:\/\/www.livrariarema.com.br\/loja\/wp-json\/wp\/v2\/product"}],"about":[{"href":"https:\/\/www.livrariarema.com.br\/loja\/wp-json\/wp\/v2\/types\/product"}],"replies":[{"embeddable":true,"href":"https:\/\/www.livrariarema.com.br\/loja\/wp-json\/wp\/v2\/comments?post=84412"}],"wp:featuredmedia":[{"embeddable":true,"href":"https:\/\/www.livrariarema.com.br\/loja\/wp-json\/wp\/v2\/media\/325974"}],"wp:attachment":[{"href":"https:\/\/www.livrariarema.com.br\/loja\/wp-json\/wp\/v2\/media?parent=84412"}],"wp:term":[{"taxonomy":"product_cat","embeddable":true,"href":"https:\/\/www.livrariarema.com.br\/loja\/wp-json\/wp\/v2\/product_cat?post=84412"},{"taxonomy":"product_tag","embeddable":true,"href":"https:\/\/www.livrariarema.com.br\/loja\/wp-json\/wp\/v2\/product_tag?post=84412"}],"curies":[{"name":"wp","href":"https:\/\/api.w.org\/{rel}","templated":true}]}}