{"id":85971,"date":"2021-06-11T18:30:51","date_gmt":"2021-06-11T21:30:51","guid":{"rendered":"https:\/\/www.livrariarema.com.br\/loja\/produtos\/sem%20categoria\/conduzindo-pequenos-grupos-colin-marshall\/"},"modified":"2026-04-13T10:20:35","modified_gmt":"2026-04-13T13:20:35","slug":"conduzindo-pequenos-grupos-colin-marshall","status":"publish","type":"product","link":"https:\/\/www.livrariarema.com.br\/loja\/produtos\/promocao\/livros-promocao\/conduzindo-pequenos-grupos-colin-marshall\/","title":{"rendered":"Conduzindo Pequenos Grupos &#8211; Colin Marshall"},"content":{"rendered":"<p>MAIS QUE PEQUENOS, GRUPOS DE CRESCIMENTO!<br \/>\nNa igreja atual, h\u00e1 uma prolifera\u00e7\u00e3o de minist\u00e9rios de pequenos grupos. Mas ser\u00e1 que nossos grupos s\u00e3o uma express\u00e3o do minist\u00e9rio crist\u00e3o ou vers\u00f5es &#8220;cristianizadas&#8221; de t\u00e9cnicas humanistas? Colin Marshall, coautor de &#8220;A treli\u00e7a e a videira&#8221;, nos desafia a repensarmos pequenos grupos como catalisadores de crescimento do evangelho em evangeliza\u00e7\u00e3o e santifica\u00e7\u00e3o &#8211; grupos distintamente crist\u00e3os com um prop\u00f3sito distintamente crist\u00e3o, grupos de crescimento. Neste guia, ele nos fornece um guia completo, com teoria e pr\u00e1tica, contendo quinze t\u00f3picos que investigam as bases, atividades e din\u00e2micas de grupos de crescimento e dez sess\u00f5es pr\u00e1ticas de treinamento de l\u00edderes eficazes de pequenos grupos.<\/p>\n","protected":false},"excerpt":{"rendered":"<p>MAIS QUE PEQUENOS, GRUPOS DE CRESCIMENTO! Na igreja atual, h\u00e1 uma prolifera\u00e7\u00e3o de minist\u00e9rios de pequenos grupos. Mas ser\u00e1 que&hellip;<\/p>\n","protected":false},"featured_media":328553,"comment_status":"open","ping_status":"closed","template":"","meta":[],"product_cat":[143,142],"product_tag":[],"_links":{"self":[{"href":"https:\/\/www.livrariarema.com.br\/loja\/wp-json\/wp\/v2\/product\/85971"}],"collection":[{"href":"https:\/\/www.livrariarema.com.br\/loja\/wp-json\/wp\/v2\/product"}],"about":[{"href":"https:\/\/www.livrariarema.com.br\/loja\/wp-json\/wp\/v2\/types\/product"}],"replies":[{"embeddable":true,"href":"https:\/\/www.livrariarema.com.br\/loja\/wp-json\/wp\/v2\/comments?post=85971"}],"wp:featuredmedia":[{"embeddable":true,"href":"https:\/\/www.livrariarema.com.br\/loja\/wp-json\/wp\/v2\/media\/328553"}],"wp:attachment":[{"href":"https:\/\/www.livrariarema.com.br\/loja\/wp-json\/wp\/v2\/media?parent=85971"}],"wp:term":[{"taxonomy":"product_cat","embeddable":true,"href":"https:\/\/www.livrariarema.com.br\/loja\/wp-json\/wp\/v2\/product_cat?post=85971"},{"taxonomy":"product_tag","embeddable":true,"href":"https:\/\/www.livrariarema.com.br\/loja\/wp-json\/wp\/v2\/product_tag?post=85971"}],"curies":[{"name":"wp","href":"https:\/\/api.w.org\/{rel}","templated":true}]}}