{"id":85973,"date":"2021-06-11T18:30:55","date_gmt":"2021-06-11T21:30:55","guid":{"rendered":"https:\/\/www.livrariarema.com.br\/loja\/produtos\/sem%20categoria\/deixe-me-ser-mulher-elisabeth-elliot\/"},"modified":"2026-04-17T10:40:41","modified_gmt":"2026-04-17T13:40:41","slug":"deixe-me-ser-mulher-elisabeth-elliot","status":"publish","type":"product","link":"https:\/\/www.livrariarema.com.br\/loja\/produtos\/livros\/mulher\/deixe-me-ser-mulher-elisabeth-elliot\/","title":{"rendered":"Deixe-Me Ser Mulher &#8211; Elisabeth Elliot"},"content":{"rendered":"<p>&#8220;Deixe-me ser mulher&#8221; foi escrito por Elisabeth Elliot para sua filha, Valerie Elliot, no auge do movimento feminista em 1976. Os ensinamentos contidos nele s\u00e3o preciosos para os dias de hoje sobre o que \u00e9 ser uma mulher crist\u00e3. Com o objetivo de responder \u00e0 pergunta &#8220;O que significa ser mulher&#8221;, Elisabeth aborda v\u00e1rios assuntos relevantes. Submiss\u00e3o, orgulho, liberdade, voca\u00e7\u00e3o, e identidade feminina s\u00e3o descritos a partir do Criador.<\/p>\n<p>Para entendermos o significado de feminilidade, temos de come\u00e7ar por Deus. Se, de fato, ele \u00e9 `o Criador de todas as coisas vis\u00edveis e invis\u00edveis`, certamente est\u00e1 no comando de todas as coisas, vis\u00edveis e invis\u00edveis, estupendas e min\u00fasculas, magn\u00edficas e triviais. Deus tem de estar no comando dos detalhes se realmente est\u00e1 no comando do projeto como um todo.<\/p>\n<p>Ser mulher n\u00e3o \u00e9 um acidente<br \/>\nAlgumas vezes, ouvimos a express\u00e3o `o acidente do sexo`, como se o fato de algu\u00e9m ser homem ou mulher fosse uma trivialidade. Isso est\u00e1 muito longe de ser uma trivialidade, pois faz parte da nossa natureza. \u00c9 a modalidade sob a qual vivemos toda a nossa vida; o que voc\u00ea e eu somos chamados a ser &#8211; chamados por Deus, esse Deus que est\u00e1 no comando. \u00c9 o nosso destino &#8211; planejado, ordenado e levado a cabo por um Senhor que \u00e9 infinito em sua sabedoria, poder e amor.<\/p>\n<p>As mulheres n\u00e3o s\u00e3o chamadas, de alguma forma, a `superar` sua sexualidade, mas a afirm\u00e1-la. Devem us\u00e1-la como uma d\u00e1diva de Deus. Infidelidade ao pr\u00f3prio sexo \u00e9 infidelidade ao mundo inteiro, pois uma mulher deve ser mulher tanto em seu relacionamento com os homens como com as outras mulheres.<\/p>\n<p>Seja voc\u00ea jovem ou n\u00e3o, solteira, noiva, casada ou vi\u00fava, esperamos que &#8220;Deixe-me ser mulher&#8221; a ajude a viver toda a sua feminilidade para a gl\u00f3ria de Deus!<\/p>\n","protected":false},"excerpt":{"rendered":"<p>&#8220;Deixe-me ser mulher&#8221; foi escrito por Elisabeth Elliot para sua filha, Valerie Elliot, no auge do movimento feminista em 1976.&hellip;<\/p>\n","protected":false},"featured_media":346266,"comment_status":"open","ping_status":"closed","template":"","meta":[],"product_cat":[134,170],"product_tag":[],"_links":{"self":[{"href":"https:\/\/www.livrariarema.com.br\/loja\/wp-json\/wp\/v2\/product\/85973"}],"collection":[{"href":"https:\/\/www.livrariarema.com.br\/loja\/wp-json\/wp\/v2\/product"}],"about":[{"href":"https:\/\/www.livrariarema.com.br\/loja\/wp-json\/wp\/v2\/types\/product"}],"replies":[{"embeddable":true,"href":"https:\/\/www.livrariarema.com.br\/loja\/wp-json\/wp\/v2\/comments?post=85973"}],"wp:featuredmedia":[{"embeddable":true,"href":"https:\/\/www.livrariarema.com.br\/loja\/wp-json\/wp\/v2\/media\/346266"}],"wp:attachment":[{"href":"https:\/\/www.livrariarema.com.br\/loja\/wp-json\/wp\/v2\/media?parent=85973"}],"wp:term":[{"taxonomy":"product_cat","embeddable":true,"href":"https:\/\/www.livrariarema.com.br\/loja\/wp-json\/wp\/v2\/product_cat?post=85973"},{"taxonomy":"product_tag","embeddable":true,"href":"https:\/\/www.livrariarema.com.br\/loja\/wp-json\/wp\/v2\/product_tag?post=85973"}],"curies":[{"name":"wp","href":"https:\/\/api.w.org\/{rel}","templated":true}]}}