{"id":85996,"date":"2021-06-11T18:31:57","date_gmt":"2021-06-11T21:31:57","guid":{"rendered":"https:\/\/www.livrariarema.com.br\/loja\/produtos\/sem%20categoria\/mulheres-da-palavra-como-estudar-a-biblia-com-nossa-mente-e-coracao-jen-wilkin\/"},"modified":"2026-03-16T13:23:04","modified_gmt":"2026-03-16T16:23:04","slug":"mulheres-da-palavra-como-estudar-a-biblia-com-nossa-mente-e-coracao-jen-wilkin","status":"publish","type":"product","link":"https:\/\/www.livrariarema.com.br\/loja\/produtos\/livros\/mulher\/mulheres-da-palavra-como-estudar-a-biblia-com-nossa-mente-e-coracao-jen-wilkin\/","title":{"rendered":"Mulheres Da Palavra &#8211; Como Estudar A B\u00edblia Com Nossa Mente E Cora\u00e7\u00e3o &#8211; Jen Wilkin"},"content":{"rendered":"<p>Voc\u00ea tem perseverado no estudo da palavra?<\/p>\n<p>Todos n\u00f3s sabemos que \u00e9 importante estudar a Palavra de Deus. Mas \u00e0s vezes, \u00e9 dif\u00edcil saber por onde come\u00e7ar. Al\u00e9m do mais, a falta de tempo, as abordagens voltadas para as emo\u00e7\u00f5es e frustra\u00e7\u00f5es do passado podem nos desaminar de crescer no conhecimento das Escrituras. Ent\u00e3o, como n\u00f3s, como mulheres, podemos manter o foco e alimentar a nossa paix\u00e3o pela leitura da Palavra?<\/p>\n<p>Oferecendo um plano claro e conciso de aprofundamento no estudo das Sagradas Escrituras, este livro ir\u00e1 ajudar as mulheres a perseverarem na leitura da Palavra de Deus, de forma a treinar suas mentes e transformar seus cora\u00e7\u00f5es.<\/p>\n","protected":false},"excerpt":{"rendered":"<p>Voc\u00ea tem perseverado no estudo da palavra? Todos n\u00f3s sabemos que \u00e9 importante estudar a Palavra de Deus. Mas \u00e0s&hellip;<\/p>\n","protected":false},"featured_media":346268,"comment_status":"open","ping_status":"closed","template":"","meta":[],"product_cat":[134,170],"product_tag":[],"_links":{"self":[{"href":"https:\/\/www.livrariarema.com.br\/loja\/wp-json\/wp\/v2\/product\/85996"}],"collection":[{"href":"https:\/\/www.livrariarema.com.br\/loja\/wp-json\/wp\/v2\/product"}],"about":[{"href":"https:\/\/www.livrariarema.com.br\/loja\/wp-json\/wp\/v2\/types\/product"}],"replies":[{"embeddable":true,"href":"https:\/\/www.livrariarema.com.br\/loja\/wp-json\/wp\/v2\/comments?post=85996"}],"wp:featuredmedia":[{"embeddable":true,"href":"https:\/\/www.livrariarema.com.br\/loja\/wp-json\/wp\/v2\/media\/346268"}],"wp:attachment":[{"href":"https:\/\/www.livrariarema.com.br\/loja\/wp-json\/wp\/v2\/media?parent=85996"}],"wp:term":[{"taxonomy":"product_cat","embeddable":true,"href":"https:\/\/www.livrariarema.com.br\/loja\/wp-json\/wp\/v2\/product_cat?post=85996"},{"taxonomy":"product_tag","embeddable":true,"href":"https:\/\/www.livrariarema.com.br\/loja\/wp-json\/wp\/v2\/product_tag?post=85996"}],"curies":[{"name":"wp","href":"https:\/\/api.w.org\/{rel}","templated":true}]}}