{"id":86580,"date":"2021-06-15T17:45:31","date_gmt":"2021-06-15T20:45:31","guid":{"rendered":"https:\/\/www.livrariarema.com.br\/loja\/produtos\/sem%20categoria\/vendo-cristo-no-novo-testamento-vol-4-stephen-kaung\/"},"modified":"2026-04-30T12:14:56","modified_gmt":"2026-04-30T15:14:56","slug":"vendo-cristo-no-novo-testamento-vol-4-stephen-kaung","status":"publish","type":"product","link":"https:\/\/www.livrariarema.com.br\/loja\/produtos\/livros\/estudo-biblico\/vendo-cristo-no-novo-testamento-vol-4-stephen-kaung\/","title":{"rendered":"Vendo Cristo No Novo Testamento Vol. 4 &#8211; Stephen Kaung"},"content":{"rendered":"<p>Ao longo de um per\u00edodo de aproximadamente tr\u00eas anos, come\u00e7ando em meados de 1983, Stephen Kaung compartilhou a s\u00e9rie de mensagens transcritas nas p\u00e1ginas de seis volumes.<\/p>\n<p>A s\u00e9rie, intitulada em portugu\u00eas Vendo Cristo no Novo Testamento, foi dividida em seis volumes iniciando com o Evangelho de Mateus e concluindo com o livro de Apocalipse.<br \/>\n<br \/>\nNo volume 4, temos o seguinte:<\/p>\n<p>Em 1 Tim\u00f3teo vemos Cristo na ordem da Igreja;<br \/>\nEm 2 Tim\u00f3teo vemos Cristo na crise da Igreja;<br \/>\nEm Tito vemos Cristo na disciplina da Igreja; e<br \/>\nEm Filemom vemos Cristo no indescrit\u00edvel e maravilhoso amor.<br \/>\nO encargo do irm\u00e3o Kaung foi mostrar de maneira profunda, mas ao mesmo tempo clara e devocional, que o tema central de tudo e de todas as eras, assim como de toda a B\u00edblia, \u00e9 a Pessoa amada do nosso Senhor Jesus Cristo.<\/p>\n","protected":false},"excerpt":{"rendered":"<p>Ao longo de um per\u00edodo de aproximadamente tr\u00eas anos, come\u00e7ando em meados de 1983, Stephen Kaung compartilhou a s\u00e9rie de&hellip;<\/p>\n","protected":false},"featured_media":347866,"comment_status":"open","ping_status":"closed","template":"","meta":[],"product_cat":[161,134],"product_tag":[],"_links":{"self":[{"href":"https:\/\/www.livrariarema.com.br\/loja\/wp-json\/wp\/v2\/product\/86580"}],"collection":[{"href":"https:\/\/www.livrariarema.com.br\/loja\/wp-json\/wp\/v2\/product"}],"about":[{"href":"https:\/\/www.livrariarema.com.br\/loja\/wp-json\/wp\/v2\/types\/product"}],"replies":[{"embeddable":true,"href":"https:\/\/www.livrariarema.com.br\/loja\/wp-json\/wp\/v2\/comments?post=86580"}],"wp:featuredmedia":[{"embeddable":true,"href":"https:\/\/www.livrariarema.com.br\/loja\/wp-json\/wp\/v2\/media\/347866"}],"wp:attachment":[{"href":"https:\/\/www.livrariarema.com.br\/loja\/wp-json\/wp\/v2\/media?parent=86580"}],"wp:term":[{"taxonomy":"product_cat","embeddable":true,"href":"https:\/\/www.livrariarema.com.br\/loja\/wp-json\/wp\/v2\/product_cat?post=86580"},{"taxonomy":"product_tag","embeddable":true,"href":"https:\/\/www.livrariarema.com.br\/loja\/wp-json\/wp\/v2\/product_tag?post=86580"}],"curies":[{"name":"wp","href":"https:\/\/api.w.org\/{rel}","templated":true}]}}